{"id":3961,"date":"2022-01-12T05:33:52","date_gmt":"2022-01-12T03:33:52","guid":{"rendered":"https:\/\/logris.lv\/privatuma-politika\/"},"modified":"2024-01-23T13:04:26","modified_gmt":"2024-01-23T11:04:26","slug":"polityka-prywatnosci","status":"publish","type":"page","link":"https:\/\/logris.lv\/pl\/polityka-prywatnosci\/","title":{"rendered":"Polityka prywatno\u015bci"},"content":{"rendered":"<p><strong>POLITYKA OCHRONY DANYCH KLIENTA<\/strong><br \/>\n<strong>O\u015bwiadczenie o ochronie prywatno\u015bci<\/strong><\/p>\n<p>O\u015bwiadczenie o ochronie prywatno\u015bci okre\u015bla praktyki dotycz\u0105ce ochrony prywatno\u015bci na stronie internetowej <a href=\"http:\/\/www.logris.lv\" rel=\"nofollow\">www.logris.lv<\/a>. SIA LOGISTIKAS RISINAJUMI w pe\u0142ni szanuje Twoje prawa do ochrony prywatno\u015bci i nie zbiera \u017cadnych informacji osobistych o Tobie na tej stronie bez Twojej zgody.<\/p>\n<p>SIA LOGISTIKAS RISINAJUMI nie gromadzi \u017cadnych danych osobowych na Twojego temat na tej stronie, z wyj\u0105tkiem informacji, kt\u00f3re dobrowolnie udost\u0119pniasz (np. poprzez przesy\u0142anie e-maili). Jako klient SIA LOGISTIKAS RISINAJUMI zdecydowa\u0142e\u015b si\u0119 nam powierzy\u0107 swoje dane osobowe i udzieli\u0107 nam prawa do ich przetwarzania zgodnie z polityk\u0105 prywatno\u015bci og\u00f3lnej platformy internetowej (zwanej dalej &#8222;Polityk\u0105&#8221;). Twoje dane osobowe s\u0105 uzyskiwane tylko od Ciebie, a dla nas wa\u017cne jest ochrona Twoich danych osobowych przez ca\u0142\u0105 wsp\u00f3\u0142prac\u0119. Wszelkie informacje przekazane w ten spos\u00f3b nie b\u0119d\u0105 udost\u0119pniane osobom trzecim, a SIA LOGISTIKAS RISINAJUMI b\u0119dzie je wykorzystywa\u0107 tylko do cel\u00f3w okre\u015blonych w konkretnych informacjach.<\/p>\n<p>SIA LOGISTIKAS RISINAJUMI nie b\u0119dzie pr\u00f3bowa\u0107 identyfikowa\u0107 indywidualnych odwiedzaj\u0105cych stron\u0119 internetow\u0105 <a href=\"http:\/\/www.logris.lv\" rel=\"nofollow\">www.logris.lv<\/a>, ani nie b\u0119dzie \u0142\u0105czy\u0107 jakichkolwiek szczeg\u00f3\u0142\u00f3w technicznych wcze\u015bniej zwi\u0105zanych z osob\u0105. SIA LOGISTIKAS RISINAJUMI nie ujawni tych danych technicznych osobom trzecim i szanuje prywatno\u015b\u0107 odwiedzaj\u0105cych stron\u0119 internetow\u0105. Jeste\u015bmy przekonani, \u017ce przekazuj\u0105c nam swoje dane osobowe, r\u00f3wnie\u017c jako podmiot prawny spe\u0142ni\u0142e\u015b wymagania i obowi\u0105zki dotycz\u0105ce przekazywania informacji pracownikom zgodnie z obowi\u0105zuj\u0105cymi przepisami.<\/p>\n<p>Polityka ochrony prywatno\u015bci mo\u017ce ulec zmianie lub uzupe\u0142nieniu, o czym zostaniesz wcze\u015bniej poinformowany za pomoc\u0105 podanych przez Ciebie danych kontaktowych.<\/p>\n<p><strong>SIA LOGISTIKAS RISINAJUMI mo\u017ce zbiera\u0107 i przechowywa\u0107:<\/strong><\/p>\n<ul>\n<li>Dane osobowe, takie jak informacje dotycz\u0105ce zidentyfikowanej lub mo\u017cliwej do zidentyfikowania osoby fizycznej, imi\u0119, nazwisko, adres, e-mail i numer telefonu;<\/li>\n<li>Zapytania klient\u00f3w oraz histori\u0119 wsp\u00f3\u0142pracy;<\/li>\n<li>Dane komunikacyjne, takie jak numer telefonu, adres e-mail;<\/li>\n<li>Domeny klient\u00f3w;<\/li>\n<li>Adresy IP i informacje o urz\u0105dzeniach odwiedzaj\u0105cych;<\/li>\n<li>Inne dane, kt\u00f3rych celem jest zarz\u0105dzanie stron\u0105 internetow\u0105, monitorowanie i poprawa jej u\u017cytkowania.<\/li>\n<\/ul>\n<p>SIA LOGISTIKAS RISINAJUMI nie \u0142\u0105czy adresu IP u\u017cytkownika z danymi pozwalaj\u0105cymi zidentyfikowa\u0107 tego u\u017cytkownika. Oznacza to, \u017ce ka\u017cda sesja u\u017cytkownika b\u0119dzie rejestrowana, ale u\u017cytkownik strony internetowej pozostanie anonimowy.<br \/>\n<strong>SIA LOGISTIKAS RISINAJUMI wykorzystuje te informacje w celu:<\/strong><\/p>\n<ul>\n<li>Przetwarzania zapyta\u0144 dotycz\u0105cych cen przewozu i zlece\u0144 przewozu;<\/li>\n<li>Wysy\u0142ania potwierdze\u0144 zam\u00f3wie\u0144 przewozu i innych informacji zwi\u0105zanych z zam\u00f3wieniami;<\/li>\n<li>Wysy\u0142ania \u017c\u0105danych informacji dotycz\u0105cych oferowanych us\u0142ug logistycznych przez SIA LOGISTIKAS RISINAJUMI;<\/li>\n<li>Odpowiedzi na zapytania klient\u00f3w dotycz\u0105ce us\u0142ug logistycznych \u015bwiadczonych przez SIA LOGISTIKAS RISINAJUMI;<\/li>\n<li>Gromadzenia statystyk dotycz\u0105cych korzystania ze strony internetowej <a href=\"http:\/\/www.logris.lv\" rel=\"nofollow\">www.logris.lv<\/a>;<\/li>\n<li>Poprawy funkcji strony internetowej <a href=\"http:\/\/www.logris.lv\" rel=\"nofollow\">www.logris.lv<\/a>.<\/li>\n<\/ul>\n<p>Okres przetwarzania danych obejmuje ca\u0142y czas \u015bwiadczenia us\u0142ug logistycznych i obowi\u0105zywania Twojej zgody.<br \/>\n<strong>Ujawnianie informacji osobom trzecim<\/strong><\/p>\n<p>SIA LOGISTIKAS RISINAJUMI ma prawo ujawnia\u0107 Twoje dane osobowe innym odbiorcom w celu zapewnienia pe\u0142nowarto\u015bciowych i wysokiej jako\u015bci us\u0142ug logistycznych i dostaw towar\u00f3w, takich jak dostawcy us\u0142ug transportowych, dostawcy us\u0142ug ubezpieczeniowych i po\u015brednicy \u015bwiadcz\u0105cy te us\u0142ugi. W przypadku korzystania z podwykonawc\u00f3w SIA LOGISTIKAS RISINAJUMI podejmie wszelkie niezb\u0119dne dzia\u0142ania, aby zapewni\u0107, \u017ce przetwarzaj\u0105cy dane zachowuj\u0105 poufno\u015b\u0107 danych osobowych. Twoje dane osobowe mog\u0105 by\u0107 udost\u0119pniane tylko w zakresie niezb\u0119dnym do \u015bwiadczenia \u017c\u0105danych us\u0142ug logistycznych. Odbiorcy danych zaanga\u017cowani w przetwarzanie danych osobowych mog\u0105 przetwarza\u0107 je tylko zgodnie z udzielonymi instrukcjami i nie mog\u0105 ich u\u017cywa\u0107 do innych cel\u00f3w ani przekazywa\u0107 innym osobom. Podwykonawcy s\u0105 zobowi\u0105zani do zapewnienia ochrony danych zgodnie z wymaganiami obowi\u0105zuj\u0105cych przepis\u00f3w. Twoje dane osobowe s\u0105 przetwarzane tylko na terenie Unii Europejskiej i Europejskiego Obszaru Gospodarczego. Dane osobowe poza terenem Unii Europejskiej i Europejskiego Obszaru Gospodarczego mog\u0105 by\u0107 przekazywane tylko zgodnie z wymaganiami przepis\u00f3w reguluj\u0105cych ochron\u0119 danych.<\/p>\n<p><strong>Prawa klienta<\/strong><\/p>\n<p>Przepisy dotycz\u0105ce ochrony danych osobowych przyznaj\u0105 Tobie pewne prawa, kt\u00f3re s\u0105 brane pod uwag\u0119 podczas przetwarzania Twoich zlece\u0144 przewozu i us\u0142ug logistycznych.<\/p>\n<ul>\n<li>Prawo dost\u0119pu do swoich danych osobowych, kt\u00f3re s\u0105 dost\u0119pne dla SIA LOGISTIKAS RISINAJUMI, a tak\u017ce ustalenie, czy i w jaki spos\u00f3b s\u0105 przetwarzane Twoje dane osobowe;<\/li>\n<li>Prawo do poprawy danych osobowych, je\u015bli ulegn\u0105 zmianie lub je\u015bli przetwarzane informacje o Tobie s\u0105 niedok\u0142adne lub b\u0142\u0119dne;<\/li>\n<li>Prawo do \u017c\u0105dania usuni\u0119cia swoich danych osobowych, na przyk\u0142ad gdy dane osobowe s\u0105 przetwarzane nielegalnie lub prawnie uzasadniona podstawa przetwarzania przestaje obowi\u0105zywa\u0107. Je\u017celi dane osobowe mog\u0105 by\u0107 u\u017cywane do innych cel\u00f3w okre\u015blonych w niniejszej Polityce, SIA LOGISTIKAS RISINAJUMI zastrzega sobie prawo do zachowania tych danych w celu osi\u0105gni\u0119cia innych cel\u00f3w;<\/li>\n<li>Prawo do ograniczenia przetwarzania swoich danych osobowych, na przyk\u0142ad gdy dane osobowe s\u0105 przetwarzane nielegalnie lub kiedy kwestionujesz dok\u0142adno\u015b\u0107 danych i sk\u0142adasz sprzeciw wobec przetwarzania na podstawie naszych uzasadnionych interes\u00f3w;<\/li>\n<li>Prawo do przenoszenia danych, kt\u00f3re dostarczy\u0142e\u015b w formie elektronicznej. Gdy wyst\u0119puje pro\u015bba o przeniesienie danych, realizacja prawa odbywa si\u0119 poprzez udost\u0119pnienie danych w formie czytelnej elektronicznie lub przes\u0142anie ich pod wybrany adres;<\/li>\n<li>Prawo do z\u0142o\u017cenia skargi do organu nadzorczego, je\u015bli istnieje uzasadnione podejrzenie, \u017ce przetwarzaj\u0105c dane osobowe naruszono wymagania przepis\u00f3w dotycz\u0105cych ochrony danych osobowych. W takim przypadku prosimy o skontaktowanie si\u0119 najpierw z SIA LOGISTIKAS RISINAJUMI. Je\u015bli zaproponowane rozwi\u0105zania nie s\u0105 satysfakcjonuj\u0105ce lub uwa\u017casz, \u017ce nie podj\u0119to odpowiednich dzia\u0142a\u0144, masz prawo z\u0142o\u017cy\u0107 skarg\u0119 do organu nadzorczego, tj. Inspekcji Danych Osobowych Republiki \u0141otewskiej;<\/li>\n<li>Prawo do wycofania zgody, je\u015bli Twoje dane osobowe s\u0105 przetwarzane na podstawie Twojej zgody. Masz prawo wycofa\u0107 zgod\u0119, a przetwarzanie danych zostanie przerwane. Mo\u017cesz tak\u017ce w dowolnym momencie wycofa\u0107 zgod\u0119 na otrzymywanie komunikat\u00f3w handlowych.<\/li>\n<\/ul>\n<p>W ka\u017cdym przypadku wyra\u017cona przez Ciebie zgoda i dowody na to mog\u0105 by\u0107 przechowywane przez SIA LOGISTIKAS RISINAJUMI r\u00f3wnie\u017c przez d\u0142u\u017cszy okres, je\u015bli jest to konieczne do ochrony Twoich praw zwi\u0105zanych z zg\u0142aszanymi roszczeniami lub \u017c\u0105daniami.<br \/>\n<strong>Dane kontaktowe SIA LOGISTIKAS RISINAJUMI<\/strong><\/p>\n<p>Je\u015bli masz dodatkowe pytania dotycz\u0105ce polityki prywatno\u015bci, prosimy o kontakt:<\/p>\n<p>SIA LOGISTIKAS RISINAJUMI<br \/>\nNumer rejestracyjny 50003874161<br \/>\nAdres prawny: \u010ciekurkalna 1. l\u012bnija 84, Ryga, LV-1026, \u0141otwa.<\/p>\n<p>Adres e-mail: <a href=\"ma&#105;&#108;&#x74;&#x6f;&#x3a;&#x69;nf&#111;&#64;&#x6c;&#x6f;&#x67;&#x72;is&#46;&#108;&#118;\" rel=\"nofollow\">info&#64;&#108;&#111;&#103;&#114;&#105;&#115;&#x2e;&#x6c;&#x76;<\/a>,<br \/>\nNumer telefonu kontaktowego: +371 29140781<\/p>\n","protected":false},"excerpt":{"rendered":"<p>POLITYKA OCHRONY DANYCH KLIENTA O\u015bwiadczenie o ochronie prywatno\u015bci O\u015bwiadczenie o ochronie prywatno\u015bci okre\u015bla praktyki dotycz\u0105ce ochrony prywatno\u015bci na stronie internetowej www.logris.lv. SIA LOGISTIKAS RISINAJUMI w pe\u0142ni szanuje Twoje prawa do ochrony prywatno\u015bci i nie zbiera \u017cadnych informacji osobistych o Tobie na tej stronie bez Twojej zgody. SIA LOGISTIKAS RISINAJUMI nie gromadzi \u017cadnych danych osobowych na&#8230;<\/p>\n","protected":false},"author":1,"featured_media":0,"parent":0,"menu_order":0,"comment_status":"closed","ping_status":"closed","template":"","meta":{"_acf_changed":false,"footnotes":""},"class_list":["post-3961","page","type-page","status-publish","hentry"],"acf":[],"_links":{"self":[{"href":"https:\/\/logris.lv\/pl\/wp-json\/wp\/v2\/pages\/3961","targetHints":{"allow":["GET"]}}],"collection":[{"href":"https:\/\/logris.lv\/pl\/wp-json\/wp\/v2\/pages"}],"about":[{"href":"https:\/\/logris.lv\/pl\/wp-json\/wp\/v2\/types\/page"}],"author":[{"embeddable":true,"href":"https:\/\/logris.lv\/pl\/wp-json\/wp\/v2\/users\/1"}],"replies":[{"embeddable":true,"href":"https:\/\/logris.lv\/pl\/wp-json\/wp\/v2\/comments?post=3961"}],"version-history":[{"count":2,"href":"https:\/\/logris.lv\/pl\/wp-json\/wp\/v2\/pages\/3961\/revisions"}],"predecessor-version":[{"id":3966,"href":"https:\/\/logris.lv\/pl\/wp-json\/wp\/v2\/pages\/3961\/revisions\/3966"}],"wp:attachment":[{"href":"https:\/\/logris.lv\/pl\/wp-json\/wp\/v2\/media?parent=3961"}],"curies":[{"name":"wp","href":"https:\/\/api.w.org\/{rel}","templated":true}]}}