{"id":3732,"date":"2022-01-12T04:00:17","date_gmt":"2022-01-12T02:00:17","guid":{"rendered":"https:\/\/logris.lv\/par-mums\/"},"modified":"2024-01-19T16:23:15","modified_gmt":"2024-01-19T14:23:15","slug":"o-nas","status":"publish","type":"page","link":"https:\/\/logris.lv\/pl\/o-nas\/","title":{"rendered":"O nas"},"content":{"rendered":"<p>Firma transportowa LOGISTIKAS RISIN\u0100JUMI Ltd. rozpocz\u0119\u0142a swoj\u0105 dzia\u0142alno\u015b\u0107 na mi\u0119dzynarodowym rynku transportu towarowego w 2006 roku. Zapewniamy wysokiej jako\u015bci transport towar\u00f3w i profesjonalne us\u0142ugi logistyczne, oferuj\u0105c szeroki zakres us\u0142ug transportu l\u0105dowego, lotniczego i morskiego. Kluczem do sukcesu jako\u015bci naszych us\u0142ug jest wsparcie sieci profesjonalnych partner\u00f3w mi\u0119dzynarodowych, a tak\u017ce nasze do\u015bwiadczenie i znajomo\u015b\u0107 specyficznych przepis\u00f3w ka\u017cdego kraju zaanga\u017cowanego w proces transportu. Wiedza ta pomaga zapewni\u0107 wydajn\u0105 i dok\u0142adn\u0105 obs\u0142ug\u0119, charakteryzuj\u0105c\u0105 si\u0119 dobr\u0105 obs\u0142ug\u0105 klienta i elastyczno\u015bci\u0105 dostosowan\u0105 do potrzeb klienta.<\/p>\n<p>Najwi\u0119kszym atutem LOGISTICS SOLUTIONS Ltd., kt\u00f3ry jest podstaw\u0105 naszego sukcesu i uznania naszych klient\u00f3w, s\u0105 nasi pracownicy, kt\u00f3rzy wykonuj\u0105 swoj\u0105 prac\u0119 z zaanga\u017cowaniem i poczuciem obowi\u0105zku, znajduj\u0105c najbardziej odpowiednie rozwi\u0105zania w dziedzinie transportu towarowego i logistyki. Naszym celem jest jako\u015b\u0107 \u2013 jako\u015b\u0107 we wszystkich obszarach us\u0142ug i na wszystkich etapach dostawy, od momentu przekazania informacji do momentu otrzymania towaru!<\/p>\n","protected":false},"excerpt":{"rendered":"<p>Firma transportowa LOGISTIKAS RISIN\u0100JUMI Ltd. rozpocz\u0119\u0142a swoj\u0105 dzia\u0142alno\u015b\u0107 na mi\u0119dzynarodowym rynku transportu towarowego w 2006 roku. Zapewniamy wysokiej jako\u015bci transport towar\u00f3w i profesjonalne us\u0142ugi logistyczne, oferuj\u0105c szeroki zakres us\u0142ug transportu l\u0105dowego, lotniczego i morskiego. Kluczem do sukcesu jako\u015bci naszych us\u0142ug jest wsparcie sieci profesjonalnych partner\u00f3w mi\u0119dzynarodowych, a tak\u017ce nasze do\u015bwiadczenie i znajomo\u015b\u0107 specyficznych przepis\u00f3w ka\u017cdego&#8230;<\/p>\n","protected":false},"author":1,"featured_media":3079,"parent":0,"menu_order":0,"comment_status":"closed","ping_status":"closed","template":"about-us.php","meta":{"_acf_changed":false,"footnotes":""},"class_list":["post-3732","page","type-page","status-publish","has-post-thumbnail","hentry"],"acf":[],"_links":{"self":[{"href":"https:\/\/logris.lv\/pl\/wp-json\/wp\/v2\/pages\/3732","targetHints":{"allow":["GET"]}}],"collection":[{"href":"https:\/\/logris.lv\/pl\/wp-json\/wp\/v2\/pages"}],"about":[{"href":"https:\/\/logris.lv\/pl\/wp-json\/wp\/v2\/types\/page"}],"author":[{"embeddable":true,"href":"https:\/\/logris.lv\/pl\/wp-json\/wp\/v2\/users\/1"}],"replies":[{"embeddable":true,"href":"https:\/\/logris.lv\/pl\/wp-json\/wp\/v2\/comments?post=3732"}],"version-history":[{"count":4,"href":"https:\/\/logris.lv\/pl\/wp-json\/wp\/v2\/pages\/3732\/revisions"}],"predecessor-version":[{"id":3944,"href":"https:\/\/logris.lv\/pl\/wp-json\/wp\/v2\/pages\/3732\/revisions\/3944"}],"wp:featuredmedia":[{"embeddable":true,"href":"https:\/\/logris.lv\/pl\/wp-json\/wp\/v2\/media\/3079"}],"wp:attachment":[{"href":"https:\/\/logris.lv\/pl\/wp-json\/wp\/v2\/media?parent=3732"}],"curies":[{"name":"wp","href":"https:\/\/api.w.org\/{rel}","templated":true}]}}