{"id":3715,"date":"2022-01-12T09:52:43","date_gmt":"2022-01-12T07:52:43","guid":{"rendered":"https:\/\/logris.lv\/logistikas-pakalpojumi\/"},"modified":"2024-01-19T16:15:36","modified_gmt":"2024-01-19T14:15:36","slug":"uslugi-logistyczne","status":"publish","type":"page","link":"https:\/\/logris.lv\/pl\/uslugi-logistyczne\/","title":{"rendered":"Us\u0142ugi logistyczne"},"content":{"rendered":"<p>Logistyk\u0105 i transportem zajmujemy si\u0119 od ponad 16 lat. \u015awiadczymy profesjonalne us\u0142ugi logistyczne, oferuj\u0105c szeroki zakres us\u0142ug transportu l\u0105dowego, lotniczego i morskiego. Nasze us\u0142ugi obejmuj\u0105 r\u00f3wnie\u017c ubezpieczenie \u0142adunk\u00f3w, po\u015brednictwo celne i magazynowanie.<\/p>\n    <div class=\"about-us-card-list d-flex flex-wrap justify-content-center text-center\">\n                    <div class=\"about-us-card\">\n                <a href=\"https:\/\/logris.lv\/pl\/logistika\/ubezpieczenie-ladunku\/\" class=\"d-block\">\n                                            <div class=\"about-us-card-image m-auto-horizontal\">\n                            <img decoding=\"async\" src=\"https:\/\/logris.lv\/wp-content\/uploads\/2022\/01\/shield-blue-2.svg\" alt=\"Ubezpieczenie \u0142adunku\" class=\"object-contain w-100 h-100 transition-default\">\n                        <\/div>\n                                        <h3 class=\"about-us-card-title poppins-medium\">Ubezpieczenie \u0142adunku<\/h3>\n                <\/a>\n            <\/div>\n                    <div class=\"about-us-card\">\n                <a href=\"https:\/\/logris.lv\/pl\/logistika\/uslugi-magazynowania\/\" class=\"d-block\">\n                                            <div class=\"about-us-card-image m-auto-horizontal\">\n                            <img decoding=\"async\" src=\"https:\/\/logris.lv\/wp-content\/uploads\/2022\/01\/storage-blue.svg\" alt=\"Us\u0142ugi magazynowania\" class=\"object-contain w-100 h-100 transition-default\">\n                        <\/div>\n                                        <h3 class=\"about-us-card-title poppins-medium\">Us\u0142ugi magazynowania<\/h3>\n                <\/a>\n            <\/div>\n            <\/div>\n\n<p>Mamy wieloletnie do\u015bwiadczenie w pe\u0142nym zakresie us\u0142ug logistycznych i wiemy, co jest wa\u017cne dla naszych klient\u00f3w na ka\u017cdym etapie. Dzi\u0119ki elastycznemu zastosowaniu tej wiedzy w naszej pracy, jeste\u015bmy w stanie zapewni\u0107 wydajne i przyjazne dla klienta us\u0142ugi logistyczne najwy\u017cszej jako\u015bci!<\/p>\n","protected":false},"excerpt":{"rendered":"<p>Logistyk\u0105 i transportem zajmujemy si\u0119 od ponad 16 lat. \u015awiadczymy profesjonalne us\u0142ugi logistyczne, oferuj\u0105c szeroki zakres us\u0142ug transportu l\u0105dowego, lotniczego i morskiego. Nasze us\u0142ugi obejmuj\u0105 r\u00f3wnie\u017c ubezpieczenie \u0142adunk\u00f3w, po\u015brednictwo celne i magazynowanie. Mamy wieloletnie do\u015bwiadczenie w pe\u0142nym zakresie us\u0142ug logistycznych i wiemy, co jest wa\u017cne dla naszych klient\u00f3w na ka\u017cdym etapie. Dzi\u0119ki elastycznemu zastosowaniu tej&#8230;<\/p>\n","protected":false},"author":1,"featured_media":3341,"parent":0,"menu_order":0,"comment_status":"closed","ping_status":"closed","template":"services.php","meta":{"_acf_changed":false,"footnotes":""},"class_list":["post-3715","page","type-page","status-publish","has-post-thumbnail","hentry"],"acf":[],"_links":{"self":[{"href":"https:\/\/logris.lv\/pl\/wp-json\/wp\/v2\/pages\/3715","targetHints":{"allow":["GET"]}}],"collection":[{"href":"https:\/\/logris.lv\/pl\/wp-json\/wp\/v2\/pages"}],"about":[{"href":"https:\/\/logris.lv\/pl\/wp-json\/wp\/v2\/types\/page"}],"author":[{"embeddable":true,"href":"https:\/\/logris.lv\/pl\/wp-json\/wp\/v2\/users\/1"}],"replies":[{"embeddable":true,"href":"https:\/\/logris.lv\/pl\/wp-json\/wp\/v2\/comments?post=3715"}],"version-history":[{"count":4,"href":"https:\/\/logris.lv\/pl\/wp-json\/wp\/v2\/pages\/3715\/revisions"}],"predecessor-version":[{"id":3941,"href":"https:\/\/logris.lv\/pl\/wp-json\/wp\/v2\/pages\/3715\/revisions\/3941"}],"wp:featuredmedia":[{"embeddable":true,"href":"https:\/\/logris.lv\/pl\/wp-json\/wp\/v2\/media\/3341"}],"wp:attachment":[{"href":"https:\/\/logris.lv\/pl\/wp-json\/wp\/v2\/media?parent=3715"}],"curies":[{"name":"wp","href":"https:\/\/api.w.org\/{rel}","templated":true}]}}