{"id":3960,"date":"2022-01-12T05:33:52","date_gmt":"2022-01-12T03:33:52","guid":{"rendered":"https:\/\/logris.lv\/privatuma-politika\/"},"modified":"2022-01-12T05:33:52","modified_gmt":"2022-01-12T03:33:52","slug":"privatuma-politika","status":"publish","type":"page","link":"https:\/\/logris.lv\/lt\/privatuma-politika\/","title":{"rendered":"Priv\u0101tuma politika"},"content":{"rendered":"<p><strong>KLIENTA DATU PRIV\u0100TUMA POLITIKA<\/strong><br \/>\n<strong>Priv\u0101tuma atruna<\/strong><\/p>\n<p>Priv\u0101tuma atruna nosaka priv\u0101tuma praksi saist\u012bb\u0101 ar t\u012bmek\u013ca vietni <a href=\"http:\/\/www.logris.lv\" rel=\"nofollow\">www.logris.lv<\/a>. SIA LO\u0122ISTIKAS RISIN\u0100JUMI piln\u012bb\u0101 respekt\u0113 J\u016bsu ties\u012bbas uz priv\u0101tumu un neiev\u0101ks nek\u0101du person\u012bgo inform\u0101ciju par Jums \u0161aj\u0101 t\u012bmek\u013ca vietn\u0113 bez J\u016bsu at\u013caujas.<\/p>\n<p>SIA LO\u0122ISTIKAS RISIN\u0100JUMI nev\u0101c nek\u0101dus J\u016bsu personas datus \u0161aj\u0101 t\u012bmek\u013ca vietn\u0113, neskaitot to inform\u0101ciju, kuru J\u016bs br\u012bvpr\u0101t\u012bgi sniedzat (piem\u0113ram, nos\u016btot mums e-pastu). K\u0101 SIA LO\u0122ISTIKAS RISIN\u0100JUMI klients J\u016bs esat izv\u0113l\u0113jies uztic\u0113t mums savus personas datus un pie\u0161\u0137irt ties\u012bbas tos apstr\u0101d\u0101t saska\u0146\u0101 ar visp\u0101r\u0113jo t\u012bmek\u013ca viet\u0146u vienot\u0101s platformas priv\u0101tuma politiku (turpm\u0101k tekst\u0101 Politika). J\u016bsu personas datus m\u0113s ieg\u016bstam tikai no Jums un mums ir svar\u012bgi aizsarg\u0101t J\u016bsu personas datus visas sadarb\u012bbas laik\u0101. Jebk\u0101da veida inform\u0101cija, kura tiks sniegta \u0161\u0101d\u0101 veid\u0101, neb\u016bs pieejama tre\u0161aj\u0101m person\u0101m, un SIA LO\u0122ISTIKAS RISIN\u0100JUMI to izmantos tikai tiem m\u0113r\u0137iem, k\u0101diem konkr\u0113t\u0101 inform\u0101cija ir sniegta.<\/p>\n<p>SIA LO\u0122ISTIKAS RISIN\u0100JUMI nem\u0113\u0123in\u0101s identific\u0113t t\u012bmek\u013ca vietnes <a href=\"http:\/\/www.logris.lv\" rel=\"nofollow\">www.logris.lv<\/a> individu\u0101los apmekl\u0113t\u0101jus, k\u0101 ar\u012b nesaist\u012bs k\u0101das tehnisk\u0101s deta\u013cas, kas min\u0113tas iepriek\u0161 ne ar vienu personu. SIA LO\u0122ISTIKAS RISIN\u0100JUMI neatkl\u0101s \u0161\u0101dus tehniskos datus tre\u0161aj\u0101m person\u0101m, respekt\u0113jot t\u012bmek\u013ca vietnes apmekl\u0113t\u0101ju priv\u0101tumu. Esam p\u0101rliecin\u0101ti, ka, iesniedzot mums savus personas datus, ar\u012b J\u016bs k\u0101 juridiska persona iev\u0113rojat personas datu apstr\u0101di regul\u0113jo\u0161o normat\u012bvo aktu pras\u012bbas un pien\u0101kumu inform\u0113t savus darbiniekus par datu nodo\u0161anu sadarb\u012bbas partneriem<\/p>\n<p>Priv\u0101tuma politika var tikt labota vai papildin\u0101ta, par to iepriek\u0161 inform\u0113jot, izmantojot J\u016bsu nor\u0101d\u012bto kontaktinform\u0101ciju.<\/p>\n<p><strong>SIA LO\u0122ISTIKAS RISIN\u0100JUMI var apkopot un uzglab\u0101t:<\/strong><\/p>\n<ul>\n<li>Personas datus, piem\u0113ram, inform\u0101ciju, kas attiecas uz identific\u0113tu vai identific\u0113jamu fizisku personu, v\u0101rdu, uzv\u0101rdu, adresi, e-pastu un t\u0101lru\u0146a numuru;<\/li>\n<li>Klientu cenu piepras\u012bjumu un sadarb\u012bbas v\u0113sturi;<\/li>\n<li>Sazi\u0146as datus, piem\u0113ram t\u0101lru\u0146a numuru, e-pasta adresi;<\/li>\n<li>Klientu dom\u0113na v\u0101rdus;<\/li>\n<li>IP adreses un inform\u0101ciju par apmekl\u0113t\u0101ju ier\u012bc\u0113m;<\/li>\n<li>Citus datus, kuru izmanto\u0161anas m\u0113r\u0137is ir m\u0101jaslapas administr\u0113\u0161ana, k\u0101 ar\u012b interneta vietnes izmanto\u0161anas kontrol\u0113\u0161ana un t\u0101s uzlabo\u0161ana.<\/li>\n<\/ul>\n<p>SIA LO\u0122ISTIKAS RISIN\u0100JUMI nesaista lietot\u0101ja IP adresi ar datiem, kas \u013cauj identific\u0113t \u0161o lietot\u0101ju. Tas noz\u012bm\u0113, ka katra lietot\u0101ja sesija tiks re\u0123istr\u0113ta, ta\u010du interneta vietnes lietot\u0101js paliks anon\u012bms.<\/p>\n<p><strong>SIA LO\u0122ISTIKAS RISIN\u0100JUMI izmanto \u0161o inform\u0101ciju, lai:<\/strong><\/p>\n<ul>\n<li>apstr\u0101d\u0101tu cenu piepras\u012bjumus un kravu p\u0101rvad\u0101jumu pas\u016bt\u012bjumus;<\/li>\n<li>nos\u016bt\u012btu klienta kravu p\u0101rvad\u0101jumu pas\u016bt\u012bjumu apstiprin\u0101jumus un citu ar pas\u016bt\u012bjumiem saist\u012btu inform\u0101ciju;<\/li>\n<li>nos\u016bt\u012btu piepras\u012bto inform\u0101ciju par m\u016bsu sniegtajiem lo\u0123istikas pakalpojumiem;<\/li>\n<li>atbild\u0113tu uz klienta jaut\u0101jumiem par SIA LO\u0122ISTIKAS RISIN\u0100JUMI sniegtajiem lo\u0123istikas pakalpojumiem;<\/li>\n<li>apkopotu <a href=\"http:\/\/www.logris.lv\" rel=\"nofollow\">www.logris.lv<\/a> m\u0101jaslapas lieto\u0161anas statistiku;<\/li>\n<li>uzlabotu <a href=\"http:\/\/www.logris.lv\" rel=\"nofollow\">www.logris.lv<\/a> m\u0101jaslapas darb\u012bbu.<\/li>\n<\/ul>\n<p>Datu apstr\u0101des termi\u0146\u0161 ilgst visu laika periodu, kam\u0113r tiek sniegti lo\u0123istikas pakalpojumi, un kam\u0113r ir sp\u0113k\u0101 J\u016bsu piekri\u0161ana.<\/p>\n<p><strong>Inform\u0101cijas atkl\u0101\u0161ana tre\u0161aj\u0101m person\u0101m<\/strong><\/p>\n<p>SIA LO\u0122ISTIKAS RISIN\u0100JUMI ir ties\u012bga atkl\u0101t j\u016bsu personas datus citiem datu sa\u0146\u0113m\u0113jiem, lai pilnv\u0113rt\u012bgi un kvalitat\u012bvi nodro\u0161in\u0101tu lo\u0123istikas pakalpojumus un kravu pieg\u0101des, k\u0101 piem\u0113ram, transporta pakalpojumu sniedz\u0113jiem, apdro\u0161in\u0101\u0161anas pakalpojumu sniedz\u0113jiem, k\u0101 ar\u012b \u0161o pakalpojumu snieg\u0161anas starpniekiem. Apak\u0161uz\u0146\u0113m\u0113ju piesaistes gad\u012bjum\u0101 SIA LO\u0122ISTIKAS RISIN\u0100JUMI veiks visas nepiecie\u0161am\u0101s darb\u012bbas, lai p\u0101rliecin\u0101tos, ka datu apstr\u0101d\u0101t\u0101ji nodro\u0161ina personas datu konfidencialit\u0101ti. J\u016bsu personas dati var tikt kop\u012bgoti tikai tik daudz, cik tas ir nepiecie\u0161ams piepras\u012bto lo\u0123istikas pakalpojumu snieg\u0161anai. Iesaist\u012btie datu sa\u0146\u0113m\u0113ji var apstr\u0101d\u0101t J\u016bsu personas datus tikai p\u0113c sniegtajiem nor\u0101d\u012bjumiem, k\u0101 ar\u012b nedr\u012bkst tos izmantot citiem m\u0113r\u0137iem vai nodot cit\u0101m person\u0101m. Piesaist\u012btajiem apak\u0161uz\u0146\u0113m\u0113jiem ir pien\u0101kums nodro\u0161in\u0101t datu aizsardz\u012bbu saska\u0146\u0101 ar sp\u0113k\u0101 eso\u0161o normat\u012bvo aktu pras\u012bb\u0101m. J\u016bsu personas dati tiek apstr\u0101d\u0101ti tikai Eiropas Savien\u012bbas teritorij\u0101 un Eiropas Ekonomisk\u0101s zonas teritorij\u0101. Personas dati \u0101rpus Eiropas Savien\u012bbas teritorijas un Eiropas Ekonomisk\u0101s zonas teritorijas var tikt nodoti tikai saska\u0146\u0101 ar datu aizsardz\u012bbu regul\u0113jo\u0161o normat\u012bvo aktu pras\u012bb\u0101m.<\/p>\n<p><strong>Klienta ties\u012bbas<\/strong><\/p>\n<p>Personas datu aizsardz\u012bbas normat\u012bvie akti pie\u0161\u0137ir Jums ties\u012bbas, kuras tiek \u0146emtas v\u0113r\u0101, apstr\u0101d\u0101jot J\u016bsu kravu p\u0101rvad\u0101jumu un lo\u0123istikas pakalpojumu piepras\u012bjumus.<\/p>\n<ul>\n<li>Ties\u012bbas piek\u013c\u016bt J\u016bsu person\u012bgajai inform\u0101cijai, kas ir SIA LO\u0122ISTIKAS RISIN\u0100JUMI r\u012bc\u012bb\u0101, k\u0101 ar\u012b noskaidrot, vai un k\u0101 tiek apstr\u0101d\u0101ti J\u016bsu personas dati.<\/li>\n<li>Ties\u012bbas piepras\u012bt labot personas datus, ja tie ir main\u012bju\u0161ies vai ar\u012b apstr\u0101d\u0101t\u0101 inform\u0101cija par Jums ir neprec\u012bza vai nepareiza;<\/li>\n<li>Ties\u012bbas piepras\u012bt J\u016bsu personas datu dz\u0113\u0161anu, ja, piem\u0113ram, personas dati tiek apstr\u0101d\u0101ti nelikum\u012bgi vai z\u016bd to apstr\u0101des tiesiskais pamats. Gad\u012bjum\u0101, ja personas dati ir izmantojami citiem \u0161aj\u0101 Politik\u0101 noteiktajiem m\u0113r\u0137iem, SIA LO\u0122ISTIKAS RISIN\u0100JUMI patur ties\u012bbas saglab\u0101t attiec\u012bgos datus, lai nodro\u0161in\u0101tu citu m\u0113r\u0137u sasnieg\u0161anu.<\/li>\n<li>Ties\u012bbas ierobe\u017eot J\u016bsu personas datu apstr\u0101di, ja, piem\u0113ram, personas dati tiek apstr\u0101d\u0101ti nelikum\u012bgi vai ar\u012b J\u016bs apstr\u012bdat datu precizit\u0101ti un iesniedzat iebildumus par datu apstr\u0101di uz m\u016bsu le\u0123it\u012bmo intere\u0161u pamata.<\/li>\n<li>Ties\u012bbas uz datu p\u0101rne\u0161anu, kurus J\u016bs esat iesniedzis elektronisk\u0101 form\u0101. Sa\u0146emot piepras\u012bjumu par datu p\u0101rne\u0161anu, ties\u012bbu realiz\u0101cija tiks nodro\u0161in\u0101ta, izsniedzot datus elektroniski las\u0101m\u0101 form\u0101t\u0101 vai ar\u012b nos\u016btot tos elektronisk\u0101 form\u0101 J\u016bsu izv\u0113l\u0113tajam adres\u0101tam.<\/li>\n<li>Ties\u012bbas iesniegt s\u016bdz\u012bbu uzraudz\u012bbas iest\u0101dei, ja ir pamats uzskat\u012bt, ka, apstr\u0101d\u0101jot J\u016bsu personas datus, ir p\u0101rk\u0101ptas personas datu aizsardz\u012bbas normat\u012bvo aktu pras\u012bbas. \u0160\u0101d\u0101 gad\u012bjum\u0101 aicin\u0101m J\u016bs vispirms v\u0113rsties pie SIA LO\u0122ISTIKAS RISIN\u0100JUMI. Ja pied\u0101v\u0101tie risin\u0101jumi J\u016bs neapmierin\u0101s, vai, J\u016bsupr\u0101t, netiks veiktas nepiecie\u0161am\u0101s darb\u012bbas, Jums ir ties\u012bbas iesniegt s\u016bdz\u012bbu uzraugo\u0161ajai instit\u016bcijai, kas Latvijas Republik\u0101 ir Datu valsts inspekcija.<\/li>\n<li>Ties\u012bbas atsaukt piekri\u0161anu, ja J\u016bsu personas dati tiek apstr\u0101d\u0101ti uz J\u016bsu piekri\u0161anas pamata. Jums ir ties\u012bbas atsaukt savu piekri\u0161anu, un veikt\u0101 datu apstr\u0101de tiks p\u0101rtraukta. T\u0101pat J\u016bs varat jebkur\u0101 br\u012bd\u012b atsaukt piekri\u0161anu sa\u0146emt komerci\u0101lus pazi\u0146ojumus.<\/li>\n<\/ul>\n<p>Jebkur\u0101 gad\u012bjum\u0101 J\u016bsu doto piekri\u0161anu un pier\u0101d\u012bjumus par to SIA LO\u0122ISTIKAS RISIN\u0100JUMI var uzglab\u0101t ar\u012b ilg\u0101ku laika periodu, ja tas ir nepiecie\u0161ams, lai var\u0113tu aizsarg\u0101t savas ties\u012bbas saist\u012bb\u0101 ar izteikt\u0101m pras\u012bb\u0101m vai pretenzij\u0101m.<\/p>\n<p><strong>SIA LO\u0122ISTIKAS RISIN\u0100JUMI kontaktinform\u0101cija<\/strong><\/p>\n<p>Ja Jums rodas papildu jaut\u0101jumi par konfidencialit\u0101tes politiku, l\u016bdzam sazin\u0101ties ar mums:<\/p>\n<p>SIA LO\u0122ISTIKAS RISIN\u0100JUMI<br \/>\nRe\u0123istr\u0101cijas numurs 50003874161<br \/>\nJuridisk\u0101 adrese: \u010ciekurkalna 1. l\u012bnija 84, R\u012bga, LV-1026, Latvija.<\/p>\n<p>Elektronisk\u0101 pasta adrese: <a href=\"m&#97;&#105;&#x6c;&#x74;o:&#105;&#110;&#x66;&#x6f;&#64;l&#111;&#103;&#x72;&#x69;s&#46;&#108;&#x76;\" rel=\"nofollow\">&#105;&#110;&#x66;o&#64;&#x6c;&#x6f;g&#114;&#x69;&#x73;&#46;&#108;&#x76;<\/a> ,<br \/>\nKontaktt\u0101lrunis: +371 29140781<\/p>\n","protected":false},"excerpt":{"rendered":"<p>KLIENTA DATU PRIV\u0100TUMA POLITIKA Priv\u0101tuma atruna Priv\u0101tuma atruna nosaka priv\u0101tuma praksi saist\u012bb\u0101 ar t\u012bmek\u013ca vietni www.logris.lv. SIA LO\u0122ISTIKAS RISIN\u0100JUMI piln\u012bb\u0101 respekt\u0113 J\u016bsu ties\u012bbas uz priv\u0101tumu un neiev\u0101ks nek\u0101du person\u012bgo inform\u0101ciju par Jums \u0161aj\u0101 t\u012bmek\u013ca vietn\u0113 bez J\u016bsu at\u013caujas. SIA LO\u0122ISTIKAS RISIN\u0100JUMI nev\u0101c nek\u0101dus J\u016bsu personas datus \u0161aj\u0101 t\u012bmek\u013ca vietn\u0113, neskaitot to inform\u0101ciju, kuru J\u016bs br\u012bvpr\u0101t\u012bgi&#8230;<\/p>\n","protected":false},"author":1,"featured_media":0,"parent":0,"menu_order":0,"comment_status":"closed","ping_status":"closed","template":"","meta":{"_acf_changed":false,"rank_math_lock_modified_date":false,"footnotes":""},"class_list":["post-3960","page","type-page","status-publish","hentry"],"acf":[],"rankMath":{"parentDomain":"logris.lv","noFollowDomains":[],"noFollowExcludeDomains":[],"noFollowExternalLinks":false,"featuredImageNotice":"The featured image should be at least 200 by 200 pixels to be picked up by Facebook and other social media sites.","pluginReviewed":true,"postSettings":{"linkSuggestions":true,"useFocusKeyword":false},"frontEndScore":false,"postName":"privatuma-politika","permalinkFormat":"https:\/\/logris.lv\/lt\/%pagename%\/","showLockModifiedDate":true,"assessor":{"focusKeywordLink":"https:\/\/logris.lv\/wp-admin\/edit.php?focus_keyword=%focus_keyword%&post_type=%post_type%","hasTOCPlugin":false,"primaryTaxonomy":false,"serpData":{"title":"","description":"","focusKeywords":"priv\u0101tuma politika","pillarContent":false,"canonicalUrl":"","breadcrumbTitle":"","advancedRobots":{"max-snippet":"-1","max-video-preview":"-1","max-image-preview":"large"},"facebookTitle":"","facebookDescription":"","facebookImage":"","facebookImageID":"","facebookHasOverlay":false,"facebookImageOverlay":"","facebookAuthor":"","twitterCardType":"","twitterUseFacebook":true,"twitterTitle":"","twitterDescription":"","twitterImage":"","twitterImageID":"","twitterHasOverlay":false,"twitterImageOverlay":"","twitterPlayerUrl":"","twitterPlayerSize":"","twitterPlayerStream":"","twitterPlayerStreamCtype":"","twitterAppDescription":"","twitterAppIphoneName":"","twitterAppIphoneID":"","twitterAppIphoneUrl":"","twitterAppIpadName":"","twitterAppIpadID":"","twitterAppIpadUrl":"","twitterAppGoogleplayName":"","twitterAppGoogleplayID":"","twitterAppGoogleplayUrl":"","twitterAppCountry":"","robots":{"index":true},"twitterAuthor":"username","primaryTerm":0,"authorName":"ps","titleTemplate":"%title% %sep% %sitename%","descriptionTemplate":"%excerpt%","showScoreFrontend":true,"lockModifiedDate":false},"powerWords":[],"diacritics":{"A":"[\\u0041\\u24B6\\uFF21\\u00C0\\u00C1\\u00C2\\u1EA6\\u1EA4\\u1EAA\\u1EA8\\u00C3\\u0100\\u0102\\u1EB0\\u1EAE\\u1EB4\\u1EB2\\u0226\\u01E0\\u00C4\\u01DE\\u1EA2\\u00C5\\u01FA\\u01CD\\u0200\\u0202\\u1EA0\\u1EAC\\u1EB6\\u1E00\\u0104\\u023A\\u2C6F]","AA":"[\\uA732]","AE":"[\\u00C6\\u01FC\\u01E2]","AO":"[\\uA734]","AU":"[\\uA736]","AV":"[\\uA738\\uA73A]","AY":"[\\uA73C]","B":"[\\u0042\\u24B7\\uFF22\\u1E02\\u1E04\\u1E06\\u0243\\u0182\\u0181]","C":"[\\u0043\\u24B8\\uFF23\\u0106\\u0108\\u010A\\u010C\\u00C7\\u1E08\\u0187\\u023B\\uA73E]","D":"[\\u0044\\u24B9\\uFF24\\u1E0A\\u010E\\u1E0C\\u1E10\\u1E12\\u1E0E\\u0110\\u018B\\u018A\\u0189\\uA779]","DZ":"[\\u01F1\\u01C4]","Dz":"[\\u01F2\\u01C5]","E":"[\\u0045\\u24BA\\uFF25\\u00C8\\u00C9\\u00CA\\u1EC0\\u1EBE\\u1EC4\\u1EC2\\u1EBC\\u0112\\u1E14\\u1E16\\u0114\\u0116\\u00CB\\u1EBA\\u011A\\u0204\\u0206\\u1EB8\\u1EC6\\u0228\\u1E1C\\u0118\\u1E18\\u1E1A\\u0190\\u018E]","F":"[\\u0046\\u24BB\\uFF26\\u1E1E\\u0191\\uA77B]","G":"[\\u0047\\u24BC\\uFF27\\u01F4\\u011C\\u1E20\\u011E\\u0120\\u01E6\\u0122\\u01E4\\u0193\\uA7A0\\uA77D\\uA77E]","H":"[\\u0048\\u24BD\\uFF28\\u0124\\u1E22\\u1E26\\u021E\\u1E24\\u1E28\\u1E2A\\u0126\\u2C67\\u2C75\\uA78D]","I":"[\\u0049\\u24BE\\uFF29\\u00CC\\u00CD\\u00CE\\u0128\\u012A\\u012C\\u0130\\u00CF\\u1E2E\\u1EC8\\u01CF\\u0208\\u020A\\u1ECA\\u012E\\u1E2C\\u0197]","J":"[\\u004A\\u24BF\\uFF2A\\u0134\\u0248]","K":"[\\u004B\\u24C0\\uFF2B\\u1E30\\u01E8\\u1E32\\u0136\\u1E34\\u0198\\u2C69\\uA740\\uA742\\uA744\\uA7A2]","L":"[\\u004C\\u24C1\\uFF2C\\u013F\\u0139\\u013D\\u1E36\\u1E38\\u013B\\u1E3C\\u1E3A\\u0141\\u023D\\u2C62\\u2C60\\uA748\\uA746\\uA780]","LJ":"[\\u01C7]","Lj":"[\\u01C8]","M":"[\\u004D\\u24C2\\uFF2D\\u1E3E\\u1E40\\u1E42\\u2C6E\\u019C]","N":"[\\u004E\\u24C3\\uFF2E\\u01F8\\u0143\\u00D1\\u1E44\\u0147\\u1E46\\u0145\\u1E4A\\u1E48\\u0220\\u019D\\uA790\\uA7A4]","NJ":"[\\u01CA]","Nj":"[\\u01CB]","O":"[\\u004F\\u24C4\\uFF2F\\u00D2\\u00D3\\u00D4\\u1ED2\\u1ED0\\u1ED6\\u1ED4\\u00D5\\u1E4C\\u022C\\u1E4E\\u014C\\u1E50\\u1E52\\u014E\\u022E\\u0230\\u00D6\\u022A\\u1ECE\\u0150\\u01D1\\u020C\\u020E\\u01A0\\u1EDC\\u1EDA\\u1EE0\\u1EDE\\u1EE2\\u1ECC\\u1ED8\\u01EA\\u01EC\\u00D8\\u01FE\\u0186\\u019F\\uA74A\\uA74C]","OI":"[\\u01A2]","OO":"[\\uA74E]","OU":"[\\u0222]","P":"[\\u0050\\u24C5\\uFF30\\u1E54\\u1E56\\u01A4\\u2C63\\uA750\\uA752\\uA754]","Q":"[\\u0051\\u24C6\\uFF31\\uA756\\uA758\\u024A]","R":"[\\u0052\\u24C7\\uFF32\\u0154\\u1E58\\u0158\\u0210\\u0212\\u1E5A\\u1E5C\\u0156\\u1E5E\\u024C\\u2C64\\uA75A\\uA7A6\\uA782]","S":"[\\u0053\\u24C8\\uFF33\\u1E9E\\u015A\\u1E64\\u015C\\u1E60\\u0160\\u1E66\\u1E62\\u1E68\\u0218\\u015E\\u2C7E\\uA7A8\\uA784]","T":"[\\u0054\\u24C9\\uFF34\\u1E6A\\u0164\\u1E6C\\u021A\\u0162\\u1E70\\u1E6E\\u0166\\u01AC\\u01AE\\u023E\\uA786]","TZ":"[\\uA728]","U":"[\\u0055\\u24CA\\uFF35\\u00D9\\u00DA\\u00DB\\u0168\\u1E78\\u016A\\u1E7A\\u016C\\u00DC\\u01DB\\u01D7\\u01D5\\u01D9\\u1EE6\\u016E\\u0170\\u01D3\\u0214\\u0216\\u01AF\\u1EEA\\u1EE8\\u1EEE\\u1EEC\\u1EF0\\u1EE4\\u1E72\\u0172\\u1E76\\u1E74\\u0244]","V":"[\\u0056\\u24CB\\uFF36\\u1E7C\\u1E7E\\u01B2\\uA75E\\u0245]","VY":"[\\uA760]","W":"[\\u0057\\u24CC\\uFF37\\u1E80\\u1E82\\u0174\\u1E86\\u1E84\\u1E88\\u2C72]","X":"[\\u0058\\u24CD\\uFF38\\u1E8A\\u1E8C]","Y":"[\\u0059\\u24CE\\uFF39\\u1EF2\\u00DD\\u0176\\u1EF8\\u0232\\u1E8E\\u0178\\u1EF6\\u1EF4\\u01B3\\u024E\\u1EFE]","Z":"[\\u005A\\u24CF\\uFF3A\\u0179\\u1E90\\u017B\\u017D\\u1E92\\u1E94\\u01B5\\u0224\\u2C7F\\u2C6B\\uA762]","a":"[\\u0061\\u24D0\\uFF41\\u1E9A\\u00E0\\u00E1\\u00E2\\u1EA7\\u1EA5\\u1EAB\\u1EA9\\u00E3\\u0101\\u0103\\u1EB1\\u1EAF\\u1EB5\\u1EB3\\u0227\\u01E1\\u00E4\\u01DF\\u1EA3\\u00E5\\u01FB\\u01CE\\u0201\\u0203\\u1EA1\\u1EAD\\u1EB7\\u1E01\\u0105\\u2C65\\u0250]","aa":"[\\uA733]","ae":"[\\u00E6\\u01FD\\u01E3]","ao":"[\\uA735]","au":"[\\uA737]","av":"[\\uA739\\uA73B]","ay":"[\\uA73D]","b":"[\\u0062\\u24D1\\uFF42\\u1E03\\u1E05\\u1E07\\u0180\\u0183\\u0253]","c":"[\\u0063\\u24D2\\uFF43\\u0107\\u0109\\u010B\\u010D\\u00E7\\u1E09\\u0188\\u023C\\uA73F\\u2184]","d":"[\\u0064\\u24D3\\uFF44\\u1E0B\\u010F\\u1E0D\\u1E11\\u1E13\\u1E0F\\u0111\\u018C\\u0256\\u0257\\uA77A]","dz":"[\\u01F3\\u01C6]","e":"[\\u0065\\u24D4\\uFF45\\u00E8\\u00E9\\u00EA\\u1EC1\\u1EBF\\u1EC5\\u1EC3\\u1EBD\\u0113\\u1E15\\u1E17\\u0115\\u0117\\u00EB\\u1EBB\\u011B\\u0205\\u0207\\u1EB9\\u1EC7\\u0229\\u1E1D\\u0119\\u1E19\\u1E1B\\u0247\\u025B\\u01DD]","f":"[\\u0066\\u24D5\\uFF46\\u1E1F\\u0192\\uA77C]","g":"[\\u0067\\u24D6\\uFF47\\u01F5\\u011D\\u1E21\\u011F\\u0121\\u01E7\\u0123\\u01E5\\u0260\\uA7A1\\u1D79\\uA77F]","h":"[\\u0068\\u24D7\\uFF48\\u0125\\u1E23\\u1E27\\u021F\\u1E25\\u1E29\\u1E2B\\u1E96\\u0127\\u2C68\\u2C76\\u0265]","hv":"[\\u0195]","i":"[\\u0069\\u24D8\\uFF49\\u00EC\\u00ED\\u00EE\\u0129\\u012B\\u012D\\u00EF\\u1E2F\\u1EC9\\u01D0\\u0209\\u020B\\u1ECB\\u012F\\u1E2D\\u0268\\u0131]","j":"[\\u006A\\u24D9\\uFF4A\\u0135\\u01F0\\u0249]","k":"[\\u006B\\u24DA\\uFF4B\\u1E31\\u01E9\\u1E33\\u0137\\u1E35\\u0199\\u2C6A\\uA741\\uA743\\uA745\\uA7A3]","l":"[\\u006C\\u24DB\\uFF4C\\u0140\\u013A\\u013E\\u1E37\\u1E39\\u013C\\u1E3D\\u1E3B\\u017F\\u0142\\u019A\\u026B\\u2C61\\uA749\\uA781\\uA747]","lj":"[\\u01C9]","m":"[\\u006D\\u24DC\\uFF4D\\u1E3F\\u1E41\\u1E43\\u0271\\u026F]","n":"[\\u006E\\u24DD\\uFF4E\\u01F9\\u0144\\u00F1\\u1E45\\u0148\\u1E47\\u0146\\u1E4B\\u1E49\\u019E\\u0272\\u0149\\uA791\\uA7A5]","nj":"[\\u01CC]","o":"[\\u006F\\u24DE\\uFF4F\\u00F2\\u00F3\\u00F4\\u1ED3\\u1ED1\\u1ED7\\u1ED5\\u00F5\\u1E4D\\u022D\\u1E4F\\u014D\\u1E51\\u1E53\\u014F\\u022F\\u0231\\u00F6\\u022B\\u1ECF\\u0151\\u01D2\\u020D\\u020F\\u01A1\\u1EDD\\u1EDB\\u1EE1\\u1EDF\\u1EE3\\u1ECD\\u1ED9\\u01EB\\u01ED\\u00F8\\u01FF\\u0254\\uA74B\\uA74D\\u0275]","oi":"[\\u01A3]","ou":"[\\u0223]","oo":"[\\uA74F]","p":"[\\u0070\\u24DF\\uFF50\\u1E55\\u1E57\\u01A5\\u1D7D\\uA751\\uA753\\uA755]","q":"[\\u0071\\u24E0\\uFF51\\u024B\\uA757\\uA759]","r":"[\\u0072\\u24E1\\uFF52\\u0155\\u1E59\\u0159\\u0211\\u0213\\u1E5B\\u1E5D\\u0157\\u1E5F\\u024D\\u027D\\uA75B\\uA7A7\\uA783]","s":"[\\u0073\\u24E2\\uFF53\\u015B\\u1E65\\u015D\\u1E61\\u0161\\u1E67\\u1E63\\u1E69\\u0219\\u015F\\u023F\\uA7A9\\uA785\\u1E9B]","ss":"[\\u00DF]","t":"[\\u0074\\u24E3\\uFF54\\u1E6B\\u1E97\\u0165\\u1E6D\\u021B\\u0163\\u1E71\\u1E6F\\u0167\\u01AD\\u0288\\u2C66\\uA787]","tz":"[\\uA729]","u":"[\\u0075\\u24E4\\uFF55\\u00F9\\u00FA\\u00FB\\u0169\\u1E79\\u016B\\u1E7B\\u016D\\u00FC\\u01DC\\u01D8\\u01D6\\u01DA\\u1EE7\\u016F\\u0171\\u01D4\\u0215\\u0217\\u01B0\\u1EEB\\u1EE9\\u1EEF\\u1EED\\u1EF1\\u1EE5\\u1E73\\u0173\\u1E77\\u1E75\\u0289]","v":"[\\u0076\\u24E5\\uFF56\\u1E7D\\u1E7F\\u028B\\uA75F\\u028C]","vy":"[\\uA761]","w":"[\\u0077\\u24E6\\uFF57\\u1E81\\u1E83\\u0175\\u1E87\\u1E85\\u1E98\\u1E89\\u2C73]","x":"[\\u0078\\u24E7\\uFF58\\u1E8B\\u1E8D]","y":"[\\u0079\\u24E8\\uFF59\\u1EF3\\u00FD\\u0177\\u1EF9\\u0233\\u1E8F\\u00FF\\u1EF7\\u1E99\\u1EF5\\u01B4\\u024F\\u1EFF]","z":"[\\u007A\\u24E9\\uFF5A\\u017A\\u1E91\\u017C\\u017E\\u1E93\\u1E95\\u01B6\\u0225\\u0240\\u2C6C\\uA763]"},"researchesTests":["contentHasTOC","contentHasShortParagraphs","contentHasAssets","keywordInTitle","keywordInMetaDescription","keywordInPermalink","keywordIn10Percent","keywordInContent","keywordInSubheadings","keywordInImageAlt","keywordDensity","keywordNotUsed","lengthContent","lengthPermalink","linksHasInternal","linksHasExternals","linksNotAllExternals","titleStartWithKeyword","titleSentiment","titleHasPowerWords","titleHasNumber","hasContentAI"],"hasRedirection":false,"hasBreadcrumb":false},"homeUrl":"https:\/\/logris.lv\/lt\/","objectID":3960,"objectType":"post","locale":"lt","localeFull":"lt_LT","overlayImages":{"play":{"name":"Play icon","url":"https:\/\/logris.lv\/wp-content\/plugins\/seo-by-rank-math\/assets\/admin\/img\/icon-play.png","path":"\/home\/logris\/webapps\/logris-lv\/wp-content\/plugins\/seo-by-rank-math\/assets\/admin\/img\/icon-play.png","position":"middle_center"},"gif":{"name":"GIF icon","url":"https:\/\/logris.lv\/wp-content\/plugins\/seo-by-rank-math\/assets\/admin\/img\/icon-gif.png","path":"\/home\/logris\/webapps\/logris-lv\/wp-content\/plugins\/seo-by-rank-math\/assets\/admin\/img\/icon-gif.png","position":"middle_center"}},"defautOgImage":"https:\/\/logris.lv\/wp-content\/plugins\/seo-by-rank-math\/assets\/admin\/img\/social-placeholder.jpg","customPermalinks":true,"isUserRegistered":true,"autoSuggestKeywords":true,"connectSiteUrl":"https:\/\/rankmath.com\/auth?site=https%3A%2F%2Flogris.lv%2Flt%2F&r=https%3A%2F%2Flogris.lv%2Flt%2Fwp-json%2Fwp%2Fv2%2Fpages%2F3960%3Fnonce%3D794bfaa82b","maxTags":5,"trendsIcon":"<svg viewBox=\"0 0 610 610\"><path d=\"M18.85,446,174.32,290.48l58.08,58.08L76.93,504a14.54,14.54,0,0,1-20.55,0L18.83,466.48a14.54,14.54,0,0,1,0-20.55Z\" style=\"fill:#4285f4\"\/><path d=\"M242.65,242.66,377.59,377.6l-47.75,47.75a14.54,14.54,0,0,1-20.55,0L174.37,290.43l47.75-47.75A14.52,14.52,0,0,1,242.65,242.66Z\" style=\"fill:#ea4335\"\/><polygon points=\"319.53 319.53 479.26 159.8 537.34 217.88 377.61 377.62 319.53 319.53\" style=\"fill:#fabb05\"\/><path d=\"M594.26,262.73V118.61h0a16.94,16.94,0,0,0-16.94-16.94H433.2a16.94,16.94,0,0,0-12,28.92L565.34,274.71h0a16.94,16.94,0,0,0,28.92-12Z\" style=\"fill:#34a853\"\/><rect width=\"610\" height=\"610\" style=\"fill:none\"\/><\/svg>","showScore":true,"siteFavIcon":"https:\/\/logris.lv\/wp-content\/uploads\/2022\/01\/favicon-150x150.png","canUser":{"general":false,"advanced":false,"snippet":false,"social":false,"analysis":false,"analytics":false,"content_ai":false},"isPro":false,"is_front_page":false,"trendsUpgradeLink":"https:\/\/rankmath.com\/pricing\/?utm_source=Plugin&utm_medium=CE%20General%20Tab%20Trends&utm_campaign=WP","trendsUpgradeLabel":"Upgrade","trendsPreviewImage":"https:\/\/logris.lv\/wp-content\/plugins\/seo-by-rank-math\/assets\/admin\/img\/trends-preview.jpg","currentEditor":false,"homepageData":{"assessor":{"powerWords":[],"diacritics":true,"researchesTests":["contentHasTOC","contentHasShortParagraphs","contentHasAssets","keywordInTitle","keywordInMetaDescription","keywordInPermalink","keywordIn10Percent","keywordInContent","keywordInSubheadings","keywordInImageAlt","keywordDensity","keywordNotUsed","lengthContent","lengthPermalink","linksHasInternal","linksHasExternals","linksNotAllExternals","titleStartWithKeyword","titleSentiment","titleHasPowerWords","titleHasNumber","hasContentAI"],"hasBreadcrumb":false,"serpData":{"title":"%sitename% %page% %sep% %sitedesc%","description":"","titleTemplate":"%sitename% %page% %sep% %sitedesc%","descriptionTemplate":"","focusKeywords":"","breadcrumbTitle":"Home","robots":{"index":true},"advancedRobots":{"max-snippet":"-1","max-video-preview":"-1","max-image-preview":"large"},"facebookTitle":"","facebookDescription":"","facebookImage":"","facebookImageID":""}}},"tocTitle":"Table of Contents","tocExcludeHeadings":[],"listStyle":"ul"},"_links":{"self":[{"href":"https:\/\/logris.lv\/lt\/wp-json\/wp\/v2\/pages\/3960","targetHints":{"allow":["GET"]}}],"collection":[{"href":"https:\/\/logris.lv\/lt\/wp-json\/wp\/v2\/pages"}],"about":[{"href":"https:\/\/logris.lv\/lt\/wp-json\/wp\/v2\/types\/page"}],"author":[{"embeddable":true,"href":"https:\/\/logris.lv\/lt\/wp-json\/wp\/v2\/users\/1"}],"replies":[{"embeddable":true,"href":"https:\/\/logris.lv\/lt\/wp-json\/wp\/v2\/comments?post=3960"}],"version-history":[{"count":0,"href":"https:\/\/logris.lv\/lt\/wp-json\/wp\/v2\/pages\/3960\/revisions"}],"wp:attachment":[{"href":"https:\/\/logris.lv\/lt\/wp-json\/wp\/v2\/media?parent=3960"}],"curies":[{"name":"wp","href":"https:\/\/api.w.org\/{rel}","templated":true}]}}