{"id":3804,"date":"2022-01-12T04:00:17","date_gmt":"2022-01-12T02:00:17","guid":{"rendered":"https:\/\/logris.lv\/par-mums\/"},"modified":"2024-01-15T15:48:19","modified_gmt":"2024-01-15T13:48:19","slug":"apie-mus","status":"publish","type":"page","link":"https:\/\/logris.lv\/lt\/apie-mus\/","title":{"rendered":"Apie mus"},"content":{"rendered":"<p>Transporto \u012fmon\u0117 LOGISTIKAS RISIN\u0100JUMI Ltd. savo veikl\u0105 tarptautinio krovini\u0173 ve\u017eimo rinkoje prad\u0117jo 2006 m. Teikiame auk\u0161tos kokyb\u0117s krovini\u0173 gabenimo ir profesionalias logistikos paslaugas, si\u016blydami plat\u0173 sausumos, oro ir j\u016br\u0173 transporto paslaug\u0173 spektr\u0105. M\u016bs\u0173 paslaug\u0173 kokyb\u0117s s\u0117km\u0117s raktas &#8211; profesionali\u0173 tarptautini\u0173 partneri\u0173 tinklo parama, taip pat patirtis ir \u017einios apie kiekvienos \u0161alies, dalyvaujan\u010dios ve\u017eimo procese, specifinius teis\u0117s aktus. \u0160ios \u017einios padeda u\u017etikrinti veiksmingas ir tikslias paslaugas, pasi\u017eymin\u010dias geru klient\u0173 aptarnavimu ir lankstumu pagal j\u016bs\u0173 poreikius.<\/p>\n<p>Did\u017eiausias &#8222;LOGISTICS SOLUTIONS Ltd.&#8221; turtas, kuriuo grind\u017eiama m\u016bs\u0173 s\u0117km\u0117 ir klient\u0173 pripa\u017einimas, yra m\u016bs\u0173 darbuotojai, kurie atsidavusiai ir su pareigos jausmu atlieka savo darb\u0105, ie\u0161kodami jums tinkamiausi\u0173 sprendim\u0173 krovini\u0173 ve\u017eimo ir logistikos srityje. M\u016bs\u0173 tikslas yra kokyb\u0117 &#8211; kokyb\u0117 visose paslaug\u0173 srityse ir visuose pristatymo etapuose, nuo informacijos suteikimo iki preki\u0173 gavimo momento!<\/p>\n","protected":false},"excerpt":{"rendered":"<p>Transporto \u012fmon\u0117 LOGISTIKAS RISIN\u0100JUMI Ltd. savo veikl\u0105 tarptautinio krovini\u0173 ve\u017eimo rinkoje prad\u0117jo 2006 m. Teikiame auk\u0161tos kokyb\u0117s krovini\u0173 gabenimo ir profesionalias logistikos paslaugas, si\u016blydami plat\u0173 sausumos, oro ir j\u016br\u0173 transporto paslaug\u0173 spektr\u0105. M\u016bs\u0173 paslaug\u0173 kokyb\u0117s s\u0117km\u0117s raktas &#8211; profesionali\u0173 tarptautini\u0173 partneri\u0173 tinklo parama, taip pat patirtis ir \u017einios apie kiekvienos \u0161alies, dalyvaujan\u010dios ve\u017eimo procese, specifinius&#8230;<\/p>\n","protected":false},"author":1,"featured_media":3078,"parent":0,"menu_order":0,"comment_status":"closed","ping_status":"closed","template":"about-us.php","meta":{"_acf_changed":false,"footnotes":""},"class_list":["post-3804","page","type-page","status-publish","has-post-thumbnail","hentry"],"acf":[],"_links":{"self":[{"href":"https:\/\/logris.lv\/lt\/wp-json\/wp\/v2\/pages\/3804","targetHints":{"allow":["GET"]}}],"collection":[{"href":"https:\/\/logris.lv\/lt\/wp-json\/wp\/v2\/pages"}],"about":[{"href":"https:\/\/logris.lv\/lt\/wp-json\/wp\/v2\/types\/page"}],"author":[{"embeddable":true,"href":"https:\/\/logris.lv\/lt\/wp-json\/wp\/v2\/users\/1"}],"replies":[{"embeddable":true,"href":"https:\/\/logris.lv\/lt\/wp-json\/wp\/v2\/comments?post=3804"}],"version-history":[{"count":2,"href":"https:\/\/logris.lv\/lt\/wp-json\/wp\/v2\/pages\/3804\/revisions"}],"predecessor-version":[{"id":3807,"href":"https:\/\/logris.lv\/lt\/wp-json\/wp\/v2\/pages\/3804\/revisions\/3807"}],"wp:featuredmedia":[{"embeddable":true,"href":"https:\/\/logris.lv\/lt\/wp-json\/wp\/v2\/media\/3078"}],"wp:attachment":[{"href":"https:\/\/logris.lv\/lt\/wp-json\/wp\/v2\/media?parent=3804"}],"curies":[{"name":"wp","href":"https:\/\/api.w.org\/{rel}","templated":true}]}}