{"id":3800,"date":"2022-01-12T09:52:43","date_gmt":"2022-01-12T07:52:43","guid":{"rendered":"https:\/\/logris.lv\/logistikas-pakalpojumi\/"},"modified":"2024-01-15T15:30:08","modified_gmt":"2024-01-15T13:30:08","slug":"logistikos-paslaugos","status":"publish","type":"page","link":"https:\/\/logris.lv\/lt\/logistikos-paslaugos\/","title":{"rendered":"Logistikos paslaugos"},"content":{"rendered":"<p>Logistikos ir transporto paslaugas teikiame jau daugiau nei 16 met\u0173. Teikiame profesionalias logistikos paslaugas, si\u016blome plat\u0173 sausumos, oro ir j\u016br\u0173 transporto paslaug\u0173 spektr\u0105. M\u016bs\u0173 paslaugos taip pat apima krovini\u0173 draudim\u0105, muitin\u0117s tarpininkavim\u0105 ir sand\u0117liavim\u0105.<\/p>\n    <div class=\"about-us-card-list d-flex flex-wrap justify-content-center text-center\">\n                    <div class=\"about-us-card\">\n                <a href=\"https:\/\/logris.lv\/lt\/logistika\/kroviniu-draudimas\/\" class=\"d-block\">\n                                            <div class=\"about-us-card-image m-auto-horizontal\">\n                            <img decoding=\"async\" src=\"https:\/\/logris.lv\/wp-content\/uploads\/2022\/01\/shield-blue-2.svg\" alt=\"Krovini\u0173 draudimas\" class=\"object-contain w-100 h-100 transition-default\">\n                        <\/div>\n                                        <h3 class=\"about-us-card-title poppins-medium\">Krovini\u0173 draudimas<\/h3>\n                <\/a>\n            <\/div>\n                    <div class=\"about-us-card\">\n                <a href=\"https:\/\/logris.lv\/lt\/logistika\/sandeliavimo-paslaugos\/\" class=\"d-block\">\n                                            <div class=\"about-us-card-image m-auto-horizontal\">\n                            <img decoding=\"async\" src=\"https:\/\/logris.lv\/wp-content\/uploads\/2022\/01\/storage-blue.svg\" alt=\"Sand\u0117liavimo paslaugos\" class=\"object-contain w-100 h-100 transition-default\">\n                        <\/div>\n                                        <h3 class=\"about-us-card-title poppins-medium\">Sand\u0117liavimo paslaugos<\/h3>\n                <\/a>\n            <\/div>\n            <\/div>\n\n<p>Turime ilgamet\u0119 patirt\u012f teikiant \u012fvairias logistikos paslaugas ir \u017einome, kas m\u016bs\u0173 klientams svarbu kiekviename etape. Lanks\u010diai taikydami \u0161ias \u017einias savo darbe, galime teikti efektyvias ir klientams patogias auk\u0161\u010diausios kokyb\u0117s logistikos paslaugas!<\/p>\n","protected":false},"excerpt":{"rendered":"<p>Logistikos ir transporto paslaugas teikiame jau daugiau nei 16 met\u0173. Teikiame profesionalias logistikos paslaugas, si\u016blome plat\u0173 sausumos, oro ir j\u016br\u0173 transporto paslaug\u0173 spektr\u0105. M\u016bs\u0173 paslaugos taip pat apima krovini\u0173 draudim\u0105, muitin\u0117s tarpininkavim\u0105 ir sand\u0117liavim\u0105. Turime ilgamet\u0119 patirt\u012f teikiant \u012fvairias logistikos paslaugas ir \u017einome, kas m\u016bs\u0173 klientams svarbu kiekviename etape. Lanks\u010diai taikydami \u0161ias \u017einias savo darbe,&#8230;<\/p>\n","protected":false},"author":1,"featured_media":3340,"parent":0,"menu_order":0,"comment_status":"closed","ping_status":"closed","template":"services.php","meta":{"_acf_changed":false,"footnotes":""},"class_list":["post-3800","page","type-page","status-publish","has-post-thumbnail","hentry"],"acf":[],"_links":{"self":[{"href":"https:\/\/logris.lv\/lt\/wp-json\/wp\/v2\/pages\/3800","targetHints":{"allow":["GET"]}}],"collection":[{"href":"https:\/\/logris.lv\/lt\/wp-json\/wp\/v2\/pages"}],"about":[{"href":"https:\/\/logris.lv\/lt\/wp-json\/wp\/v2\/types\/page"}],"author":[{"embeddable":true,"href":"https:\/\/logris.lv\/lt\/wp-json\/wp\/v2\/users\/1"}],"replies":[{"embeddable":true,"href":"https:\/\/logris.lv\/lt\/wp-json\/wp\/v2\/comments?post=3800"}],"version-history":[{"count":3,"href":"https:\/\/logris.lv\/lt\/wp-json\/wp\/v2\/pages\/3800\/revisions"}],"predecessor-version":[{"id":3803,"href":"https:\/\/logris.lv\/lt\/wp-json\/wp\/v2\/pages\/3800\/revisions\/3803"}],"wp:featuredmedia":[{"embeddable":true,"href":"https:\/\/logris.lv\/lt\/wp-json\/wp\/v2\/media\/3340"}],"wp:attachment":[{"href":"https:\/\/logris.lv\/lt\/wp-json\/wp\/v2\/media?parent=3800"}],"curies":[{"name":"wp","href":"https:\/\/api.w.org\/{rel}","templated":true}]}}