{"id":3751,"date":"2022-01-12T04:04:58","date_gmt":"2022-01-12T02:04:58","guid":{"rendered":"https:\/\/logris.lv\/transporta-pakalpojumi\/"},"modified":"2024-01-12T15:14:05","modified_gmt":"2024-01-12T13:14:05","slug":"transporto-paslaugos","status":"publish","type":"page","link":"https:\/\/logris.lv\/lt\/transporto-paslaugos\/","title":{"rendered":"Transporto paslaugos"},"content":{"rendered":"<p>Transporto paslaugos yra SIA &#8222;LO\u0122ISTIKAS RISIN\u0100JUMI&#8221; pagrindin\u0117 paslaug\u0173 si\u016blymo dalis jau daugiau nei 16 met\u0173. Si\u016blome kokybi\u0161k\u0105 ir \u012fvairi\u0105 sausumos, j\u016br\u0173 ir oro transporto paslaug\u0173 palet\u0119. Taip pat si\u016blome visapusi\u0161kas transporto paslaugas &#8211; tiek buitinio krovinio pristatym\u0105, tiek muituojamus, \u0161aldytuvus ir nevalgomojo krovinio, tiek sumontuotus, pilnus ir ekspresinius krovinius. Nesvarbu, koks krovinys Jums reikia transportuoti &#8211; mes galime tai u\u017etikrinti!<\/p>\n<p>\u0160iais laikais vienas i\u0161 verslo esmini\u0173 aspekt\u0173 yra efektyvus transporto ir logistikos tinklas. Jei \u012fmon\u0117i n\u0117ra naudinga pati vykdyti transporto paslaugas arba perve\u017eimai n\u0117ra tokie reguliar\u016bs, reikia ie\u0161koti bendradarbiavimo partneri\u0173, tokio kaip SIA &#8222;LO\u0122ISTIKAS RISIN\u0100JUMI&#8221;. Kita \u017eingsnio dalis yra suprasti, kokios paslaugos Jums bus b\u016btinos ir kiek norite dalyvauti visame perve\u017eimo procese.<\/p>\n    <div class=\"services-list-wrapper\">\n        <div class=\"services-list d-flex flex-wrap text-center justify-content-center\">\n            <div class=\"service-card position-relative\">\n    <a href=\"https:\/\/logris.lv\/lt\/transports\/tarptautinis-kroviniu-vezimas\/\" class=\"d-block h-100 service-card-link\">\n        <div class=\"service-image position-relative m-auto-horizontal\">\n                            <img decoding=\"async\" src=\"https:\/\/logris.lv\/wp-content\/uploads\/2022\/01\/global-shipping-grey.svg\" alt=\"Tarptautinis krovini\u0173 ve\u017eimas\" class=\"object-contain service-card-image-icon static-image w-100 h-100 position-absolute transition-default\">\n                            <img decoding=\"async\" src=\"https:\/\/logris.lv\/wp-content\/uploads\/2022\/01\/global-shipping-white.svg\" alt=\"Tarptautinis krovini\u0173 ve\u017eimas\" class=\"object-contain service-card-image-icon hovered-image w-100 h-100 position-absolute transition-default\">\n                    <\/div>\n        <h4 class=\"service-title poppins-medium transition-default\">Tarptautinis krovini\u0173 ve\u017eimas<\/h4>\n        <div class=\"service-card-arrow position-relative m-auto-horizontal\">\n            <img decoding=\"async\" src=\"https:\/\/logris.lv\/wp-content\/themes\/logris\/images\/chevron-right-white.svg\" alt=\"arrow\" class=\"object-contain w-100 h-100 position-absolute chevron-white transition-default\">\n            <img decoding=\"async\" src=\"https:\/\/logris.lv\/wp-content\/themes\/logris\/images\/service-close.svg\" alt=\"close\" class=\"object-contain w-100 h-100 position-absolute close-white transition-default close-transport-preview\">\n        <\/div>\n    <\/a>\n            <div class=\"service-card-preview-content white-color position-absolute text-left\">\n            <div class=\"service-card-preview-scroll-container h-100 overflow-auto\">\n                <div class=\"service-permalink\">\n                    <a href=\"https:\/\/logris.lv\/lt\/transports\/tarptautinis-kroviniu-vezimas\/\" class=\"poppins-medium\">Skaityti daugiau<\/a>\n                <\/div>\n                                    <div class=\"service-preview\">krovini\u0173 gabenimas sausuma, j\u016bra ir oru \u012f u\u017esien\u012f ir i\u0161 jo.<\/div>\n                            <\/div>\n        <\/div>\n    <\/div><div class=\"service-card position-relative\">\n    <a href=\"https:\/\/logris.lv\/lt\/transports\/tarptautinis-kroviniu-vezimas\/pilnu-kroviniu-vezimas\/\" class=\"d-block h-100 service-card-link\">\n        <div class=\"service-image position-relative m-auto-horizontal\">\n                            <img decoding=\"async\" src=\"https:\/\/logris.lv\/wp-content\/uploads\/2022\/01\/truck-grey.svg\" alt=\"Piln\u0173 krovini\u0173 ve\u017eimas\" class=\"object-contain service-card-image-icon static-image w-100 h-100 position-absolute transition-default\">\n                            <img decoding=\"async\" src=\"https:\/\/logris.lv\/wp-content\/uploads\/2022\/01\/train-white-1.svg\" alt=\"Piln\u0173 krovini\u0173 ve\u017eimas\" class=\"object-contain service-card-image-icon hovered-image w-100 h-100 position-absolute transition-default\">\n                    <\/div>\n        <h4 class=\"service-title poppins-medium transition-default\">Piln\u0173 krovini\u0173 ve\u017eimas<\/h4>\n        <div class=\"service-card-arrow position-relative m-auto-horizontal\">\n            <img decoding=\"async\" src=\"https:\/\/logris.lv\/wp-content\/themes\/logris\/images\/chevron-right-white.svg\" alt=\"arrow\" class=\"object-contain w-100 h-100 position-absolute chevron-white transition-default\">\n            <img decoding=\"async\" src=\"https:\/\/logris.lv\/wp-content\/themes\/logris\/images\/service-close.svg\" alt=\"close\" class=\"object-contain w-100 h-100 position-absolute close-white transition-default close-transport-preview\">\n        <\/div>\n    <\/a>\n            <div class=\"service-card-preview-content white-color position-absolute text-left\">\n            <div class=\"service-card-preview-scroll-container h-100 overflow-auto\">\n                <div class=\"service-permalink\">\n                    <a href=\"https:\/\/logris.lv\/lt\/transports\/tarptautinis-kroviniu-vezimas\/pilnu-kroviniu-vezimas\/\" class=\"poppins-medium\">Skaityti daugiau<\/a>\n                <\/div>\n                                    <div class=\"service-preview\">tik po vien\u0105 krovin\u012f vienoje transporto priemon\u0117je, jei jis yra dideli\u0173 gabarit\u0173 arba ypa\u010d jautrus ir neturi liestis su kitais kroviniais.<\/div>\n                            <\/div>\n        <\/div>\n    <\/div><div class=\"service-card position-relative\">\n    <a href=\"https:\/\/logris.lv\/lt\/transports\/tarptautinis-kroviniu-vezimas\/sudetiniu-kroviniu-vezimas\/\" class=\"d-block h-100 service-card-link\">\n        <div class=\"service-image position-relative m-auto-horizontal\">\n                            <img decoding=\"async\" src=\"https:\/\/logris.lv\/wp-content\/uploads\/2022\/01\/logistics-package-grey.svg\" alt=\"Sud\u0117tini\u0173 krovini\u0173 ve\u017eimas\" class=\"object-contain service-card-image-icon static-image w-100 h-100 position-absolute transition-default\">\n                            <img decoding=\"async\" src=\"https:\/\/logris.lv\/wp-content\/uploads\/2022\/01\/logistics-package-white.svg\" alt=\"Sud\u0117tini\u0173 krovini\u0173 ve\u017eimas\" class=\"object-contain service-card-image-icon hovered-image w-100 h-100 position-absolute transition-default\">\n                    <\/div>\n        <h4 class=\"service-title poppins-medium transition-default\">Sud\u0117tini\u0173 krovini\u0173 ve\u017eimas<\/h4>\n        <div class=\"service-card-arrow position-relative m-auto-horizontal\">\n            <img decoding=\"async\" src=\"https:\/\/logris.lv\/wp-content\/themes\/logris\/images\/chevron-right-white.svg\" alt=\"arrow\" class=\"object-contain w-100 h-100 position-absolute chevron-white transition-default\">\n            <img decoding=\"async\" src=\"https:\/\/logris.lv\/wp-content\/themes\/logris\/images\/service-close.svg\" alt=\"close\" class=\"object-contain w-100 h-100 position-absolute close-white transition-default close-transport-preview\">\n        <\/div>\n    <\/a>\n            <div class=\"service-card-preview-content white-color position-absolute text-left\">\n            <div class=\"service-card-preview-scroll-container h-100 overflow-auto\">\n                <div class=\"service-permalink\">\n                    <a href=\"https:\/\/logris.lv\/lt\/transports\/tarptautinis-kroviniu-vezimas\/sudetiniu-kroviniu-vezimas\/\" class=\"poppins-medium\">Skaityti daugiau<\/a>\n                <\/div>\n                                    <div class=\"service-preview\">keli\u0173 klient\u0173 kroviniai sujungiami \u012f vien\u0105 krovin\u012f, tod\u0117l optimizuojamas mar\u0161rutas ir suma\u017einamos kiekvieno kliento i\u0161laidos.<\/div>\n                            <\/div>\n        <\/div>\n    <\/div><div class=\"service-card position-relative\">\n    <a href=\"https:\/\/logris.lv\/lt\/transports\/kroviniu-gabenimas-oro-transportu\/\" class=\"d-block h-100 service-card-link\">\n        <div class=\"service-image position-relative m-auto-horizontal\">\n                            <img decoding=\"async\" src=\"https:\/\/logris.lv\/wp-content\/uploads\/2022\/01\/planes-grey.svg\" alt=\"Krovini\u0173 gabenimas oro transportu\" class=\"object-contain service-card-image-icon static-image w-100 h-100 position-absolute transition-default\">\n                            <img decoding=\"async\" src=\"https:\/\/logris.lv\/wp-content\/uploads\/2022\/01\/planes-white.svg\" alt=\"Krovini\u0173 gabenimas oro transportu\" class=\"object-contain service-card-image-icon hovered-image w-100 h-100 position-absolute transition-default\">\n                    <\/div>\n        <h4 class=\"service-title poppins-medium transition-default\">Krovini\u0173 gabenimas oro transportu<\/h4>\n        <div class=\"service-card-arrow position-relative m-auto-horizontal\">\n            <img decoding=\"async\" src=\"https:\/\/logris.lv\/wp-content\/themes\/logris\/images\/chevron-right-white.svg\" alt=\"arrow\" class=\"object-contain w-100 h-100 position-absolute chevron-white transition-default\">\n            <img decoding=\"async\" src=\"https:\/\/logris.lv\/wp-content\/themes\/logris\/images\/service-close.svg\" alt=\"close\" class=\"object-contain w-100 h-100 position-absolute close-white transition-default close-transport-preview\">\n        <\/div>\n    <\/a>\n            <div class=\"service-card-preview-content white-color position-absolute text-left\">\n            <div class=\"service-card-preview-scroll-container h-100 overflow-auto\">\n                <div class=\"service-permalink\">\n                    <a href=\"https:\/\/logris.lv\/lt\/transports\/kroviniu-gabenimas-oro-transportu\/\" class=\"poppins-medium\">Skaityti daugiau<\/a>\n                <\/div>\n                                    <div class=\"service-preview\">Krovini\u0173 gabenimas oro transportu suteikia pla\u010diausi\u0105 krovini\u0173 pristatymo viet\u0173 pasirinkim\u0105. M\u016bs\u0173 komanda, bendradarbiaudama su patikimais partneriais atitinkamose \u0161alyse, koordinuoja krovinio logistik\u0105 ir gali u\u017etikrinti, kad dokumentai b\u016bt\u0173 u\u017epildyti greitai ir teisingai pagal \u0161alies reikalavimus. Klientai renkasi tarptautin\u012f krovini\u0173 gabenim\u0105 oro transportu, kai svarbu greitai pristatyti krovin\u012f \u012f paskirties viet\u0105, u\u017etikrinant auk\u0161t\u0105 saugumo lyg\u012f ir teikiant prioritetines pristatymo paslaugas. Daugiau informacijos apie krovini\u0173 gabenim\u0105 oro transportu rasite \u010dia!<\/div>\n                            <\/div>\n        <\/div>\n    <\/div><div class=\"service-card position-relative\">\n    <a href=\"https:\/\/logris.lv\/lt\/transports\/kroviniu-vezimas-jura\/\" class=\"d-block h-100 service-card-link\">\n        <div class=\"service-image position-relative m-auto-horizontal\">\n                            <img decoding=\"async\" src=\"https:\/\/logris.lv\/wp-content\/uploads\/2022\/01\/cargo-ship-grey.svg\" alt=\"Krovini\u0173 ve\u017eimas j\u016bra\" class=\"object-contain service-card-image-icon static-image w-100 h-100 position-absolute transition-default\">\n                            <img decoding=\"async\" src=\"https:\/\/logris.lv\/wp-content\/uploads\/2022\/01\/cargo-ship-white.svg\" alt=\"Krovini\u0173 ve\u017eimas j\u016bra\" class=\"object-contain service-card-image-icon hovered-image w-100 h-100 position-absolute transition-default\">\n                    <\/div>\n        <h4 class=\"service-title poppins-medium transition-default\">Krovini\u0173 ve\u017eimas j\u016bra<\/h4>\n        <div class=\"service-card-arrow position-relative m-auto-horizontal\">\n            <img decoding=\"async\" src=\"https:\/\/logris.lv\/wp-content\/themes\/logris\/images\/chevron-right-white.svg\" alt=\"arrow\" class=\"object-contain w-100 h-100 position-absolute chevron-white transition-default\">\n            <img decoding=\"async\" src=\"https:\/\/logris.lv\/wp-content\/themes\/logris\/images\/service-close.svg\" alt=\"close\" class=\"object-contain w-100 h-100 position-absolute close-white transition-default close-transport-preview\">\n        <\/div>\n    <\/a>\n            <div class=\"service-card-preview-content white-color position-absolute text-left\">\n            <div class=\"service-card-preview-scroll-container h-100 overflow-auto\">\n                <div class=\"service-permalink\">\n                    <a href=\"https:\/\/logris.lv\/lt\/transports\/kroviniu-vezimas-jura\/\" class=\"poppins-medium\">Skaityti daugiau<\/a>\n                <\/div>\n                                    <div class=\"service-preview\">Krovini\u0173 gabenimas j\u016bra yra ekonomi\u0161kiausia paslauga kainos ir paj\u0117gum\u0173 po\u017ei\u016briu. Bendradarbiaudama su did\u017eiausiais pasaulio uostais, UAB \"LOGISTIKAS RISINJJUMI\" si\u016blo krovini\u0173 gabenim\u0105 j\u016bra konkurencingomis kainomis. \u0160i\u0105 paslaug\u0105 klientai da\u017enai renkasi neskubiems pristatymams, kai svarbu krovinio kiekis ir atstumas. Daugiau informacijos apie krovini\u0173 gabenim\u0105 j\u016bra rasite \u010dia!<\/div>\n                            <\/div>\n        <\/div>\n    <\/div><div class=\"service-card position-relative\">\n    <a href=\"https:\/\/logris.lv\/lt\/transports\/pavojingu-kroviniu-vezimas-adr\/\" class=\"d-block h-100 service-card-link\">\n        <div class=\"service-image position-relative m-auto-horizontal\">\n                            <img decoding=\"async\" src=\"https:\/\/logris.lv\/wp-content\/uploads\/2022\/01\/tank-truck-grey.svg\" alt=\"Pavojing\u0173 krovini\u0173 ve\u017eimas (ADR)\" class=\"object-contain service-card-image-icon static-image w-100 h-100 position-absolute transition-default\">\n                            <img decoding=\"async\" src=\"https:\/\/logris.lv\/wp-content\/uploads\/2022\/01\/tank-truck-white.svg\" alt=\"Pavojing\u0173 krovini\u0173 ve\u017eimas (ADR)\" class=\"object-contain service-card-image-icon hovered-image w-100 h-100 position-absolute transition-default\">\n                    <\/div>\n        <h4 class=\"service-title poppins-medium transition-default\">Pavojing\u0173 krovini\u0173 ve\u017eimas (ADR)<\/h4>\n        <div class=\"service-card-arrow position-relative m-auto-horizontal\">\n            <img decoding=\"async\" src=\"https:\/\/logris.lv\/wp-content\/themes\/logris\/images\/chevron-right-white.svg\" alt=\"arrow\" class=\"object-contain w-100 h-100 position-absolute chevron-white transition-default\">\n            <img decoding=\"async\" src=\"https:\/\/logris.lv\/wp-content\/themes\/logris\/images\/service-close.svg\" alt=\"close\" class=\"object-contain w-100 h-100 position-absolute close-white transition-default close-transport-preview\">\n        <\/div>\n    <\/a>\n            <div class=\"service-card-preview-content white-color position-absolute text-left\">\n            <div class=\"service-card-preview-scroll-container h-100 overflow-auto\">\n                <div class=\"service-permalink\">\n                    <a href=\"https:\/\/logris.lv\/lt\/transports\/pavojingu-kroviniu-vezimas-adr\/\" class=\"poppins-medium\">Skaityti daugiau<\/a>\n                <\/div>\n                                    <div class=\"service-preview\">saugaus pavojing\u0173 med\u017eiag\u0173 ir med\u017eiag\u0173, kurioms ve\u017eti reikia specialios technin\u0117s \u012frangos ir licencijuoto vairuotojo, ve\u017eimo paslaugos.<\/div>\n                            <\/div>\n        <\/div>\n    <\/div><div class=\"service-card position-relative\">\n    <a href=\"https:\/\/logris.lv\/lt\/transports\/stambiagabariciu-kroviniu-vezimas\/\" class=\"d-block h-100 service-card-link\">\n        <div class=\"service-image position-relative m-auto-horizontal\">\n                            <img decoding=\"async\" src=\"https:\/\/logris.lv\/wp-content\/uploads\/2022\/01\/delivery-truck-grey.svg\" alt=\"Stambiagabari\u010di\u0173 krovini\u0173 ve\u017eimas\" class=\"object-contain service-card-image-icon static-image w-100 h-100 position-absolute transition-default\">\n                            <img decoding=\"async\" src=\"https:\/\/logris.lv\/wp-content\/uploads\/2022\/01\/delivery-truck-white.svg\" alt=\"Stambiagabari\u010di\u0173 krovini\u0173 ve\u017eimas\" class=\"object-contain service-card-image-icon hovered-image w-100 h-100 position-absolute transition-default\">\n                    <\/div>\n        <h4 class=\"service-title poppins-medium transition-default\">Stambiagabari\u010di\u0173 krovini\u0173 ve\u017eimas<\/h4>\n        <div class=\"service-card-arrow position-relative m-auto-horizontal\">\n            <img decoding=\"async\" src=\"https:\/\/logris.lv\/wp-content\/themes\/logris\/images\/chevron-right-white.svg\" alt=\"arrow\" class=\"object-contain w-100 h-100 position-absolute chevron-white transition-default\">\n            <img decoding=\"async\" src=\"https:\/\/logris.lv\/wp-content\/themes\/logris\/images\/service-close.svg\" alt=\"close\" class=\"object-contain w-100 h-100 position-absolute close-white transition-default close-transport-preview\">\n        <\/div>\n    <\/a>\n            <div class=\"service-card-preview-content white-color position-absolute text-left\">\n            <div class=\"service-card-preview-scroll-container h-100 overflow-auto\">\n                <div class=\"service-permalink\">\n                    <a href=\"https:\/\/logris.lv\/lt\/transports\/stambiagabariciu-kroviniu-vezimas\/\" class=\"poppins-medium\">Skaityti daugiau<\/a>\n                <\/div>\n                                    <div class=\"service-preview\">Dideli\u0173 gabarit\u0173 arba negabaritiniai kroviniai ve\u017eami naudojant specializuotas transporto priemones ir negabaritines platformas.<\/div>\n                            <\/div>\n        <\/div>\n    <\/div><div class=\"service-card position-relative\">\n    <a href=\"https:\/\/logris.lv\/lt\/transports\/konteineriu-gabenimas\/\" class=\"d-block h-100 service-card-link\">\n        <div class=\"service-image position-relative m-auto-horizontal\">\n                            <img decoding=\"async\" src=\"https:\/\/logris.lv\/wp-content\/uploads\/2022\/01\/container-grey.svg\" alt=\"Konteineri\u0173 gabenimas\" class=\"object-contain service-card-image-icon static-image w-100 h-100 position-absolute transition-default\">\n                            <img decoding=\"async\" src=\"https:\/\/logris.lv\/wp-content\/uploads\/2022\/01\/container-white.svg\" alt=\"Konteineri\u0173 gabenimas\" class=\"object-contain service-card-image-icon hovered-image w-100 h-100 position-absolute transition-default\">\n                    <\/div>\n        <h4 class=\"service-title poppins-medium transition-default\">Konteineri\u0173 gabenimas<\/h4>\n        <div class=\"service-card-arrow position-relative m-auto-horizontal\">\n            <img decoding=\"async\" src=\"https:\/\/logris.lv\/wp-content\/themes\/logris\/images\/chevron-right-white.svg\" alt=\"arrow\" class=\"object-contain w-100 h-100 position-absolute chevron-white transition-default\">\n            <img decoding=\"async\" src=\"https:\/\/logris.lv\/wp-content\/themes\/logris\/images\/service-close.svg\" alt=\"close\" class=\"object-contain w-100 h-100 position-absolute close-white transition-default close-transport-preview\">\n        <\/div>\n    <\/a>\n            <div class=\"service-card-preview-content white-color position-absolute text-left\">\n            <div class=\"service-card-preview-scroll-container h-100 overflow-auto\">\n                <div class=\"service-permalink\">\n                    <a href=\"https:\/\/logris.lv\/lt\/transports\/konteineriu-gabenimas\/\" class=\"poppins-medium\">Skaityti daugiau<\/a>\n                <\/div>\n                                    <div class=\"service-preview\">daugiar\u016b\u0161is transportas, kai ve\u017eama \u012fvairiomis transporto priemon\u0117mis.<\/div>\n                            <\/div>\n        <\/div>\n    <\/div>        <\/div>\n            <\/div>\n\n<p>Kad nesusimai\u0161ytum\u0117te pla\u010diojoje logistikos ir transporto paslaug\u0173 asortimente, turite pateikti savo transporto bendradarbiavimo partneriui vis\u0105 \u017einom\u0105 informacij\u0105 apie krovin\u012f, transportavimo pageidavimus ir pristatym\u0105. Jei dar to ne\u017einote, kvie\u010diame atsakyti \u012f kelet\u0105 paprast\u0173 klausim\u0173:<\/p>\n<ul>\n<li>Kas jums yra svarbiausia \u0161iame krovini\u0173 pristatyme &#8211; greitis, s\u0105naudos ar paprastumas?<\/li>\n<li>Kiek norite dalyvauti transportavimo procese?<\/li>\n<li>\u012evertinkite, ar n\u0117ra joki\u0173 speciali\u0173 s\u0105lyg\u0173, pvz., temperat\u016bros re\u017eimo b\u016btinyb\u0117 ar pristatymas konkre\u010diomis dienomis ir laikais.<\/li>\n<\/ul>\n","protected":false},"excerpt":{"rendered":"<p>Transporto paslaugos yra SIA &#8222;LO\u0122ISTIKAS RISIN\u0100JUMI&#8221; pagrindin\u0117 paslaug\u0173 si\u016blymo dalis jau daugiau nei 16 met\u0173. Si\u016blome kokybi\u0161k\u0105 ir \u012fvairi\u0105 sausumos, j\u016br\u0173 ir oro transporto paslaug\u0173 palet\u0119. Taip pat si\u016blome visapusi\u0161kas transporto paslaugas &#8211; tiek buitinio krovinio pristatym\u0105, tiek muituojamus, \u0161aldytuvus ir nevalgomojo krovinio, tiek sumontuotus, pilnus ir ekspresinius krovinius. Nesvarbu, koks krovinys Jums reikia transportuoti&#8230;<\/p>\n","protected":false},"author":1,"featured_media":3337,"parent":0,"menu_order":0,"comment_status":"closed","ping_status":"closed","template":"services.php","meta":{"_acf_changed":false,"footnotes":""},"class_list":["post-3751","page","type-page","status-publish","has-post-thumbnail","hentry"],"acf":[],"_links":{"self":[{"href":"https:\/\/logris.lv\/lt\/wp-json\/wp\/v2\/pages\/3751","targetHints":{"allow":["GET"]}}],"collection":[{"href":"https:\/\/logris.lv\/lt\/wp-json\/wp\/v2\/pages"}],"about":[{"href":"https:\/\/logris.lv\/lt\/wp-json\/wp\/v2\/types\/page"}],"author":[{"embeddable":true,"href":"https:\/\/logris.lv\/lt\/wp-json\/wp\/v2\/users\/1"}],"replies":[{"embeddable":true,"href":"https:\/\/logris.lv\/lt\/wp-json\/wp\/v2\/comments?post=3751"}],"version-history":[{"count":4,"href":"https:\/\/logris.lv\/lt\/wp-json\/wp\/v2\/pages\/3751\/revisions"}],"predecessor-version":[{"id":3755,"href":"https:\/\/logris.lv\/lt\/wp-json\/wp\/v2\/pages\/3751\/revisions\/3755"}],"wp:featuredmedia":[{"embeddable":true,"href":"https:\/\/logris.lv\/lt\/wp-json\/wp\/v2\/media\/3337"}],"wp:attachment":[{"href":"https:\/\/logris.lv\/lt\/wp-json\/wp\/v2\/media?parent=3751"}],"curies":[{"name":"wp","href":"https:\/\/api.w.org\/{rel}","templated":true}]}}