{"id":4039,"date":"2022-01-12T04:00:17","date_gmt":"2022-01-12T02:00:17","guid":{"rendered":"https:\/\/logris.lv\/par-mums\/"},"modified":"2024-01-24T16:24:50","modified_gmt":"2024-01-24T14:24:50","slug":"ueber-uns","status":"publish","type":"page","link":"https:\/\/logris.lv\/de\/ueber-uns\/","title":{"rendered":"\u00dcber uns"},"content":{"rendered":"<p>Das Transportunternehmen LOGISTIKAS RISIN\u0100JUMI Ltd. begann seine T\u00e4tigkeit auf dem internationalen G\u00fcterverkehrsmarkt im Jahr 2006. Wir bieten qualitativ hochwertige G\u00fctertransporte und professionelle Logistikdienstleistungen an, wobei wir eine breite Palette von Land-, Luft- und Seetransportdienstleistungen anbieten. Der Schl\u00fcssel zum Erfolg unserer Dienstleistungsqualit\u00e4t liegt in der Unterst\u00fctzung durch ein Netz professioneller internationaler Partner sowie in unserer Erfahrung und Kenntnis der spezifischen Gesetzgebung jedes am Transportprozess beteiligten Landes. Dieses Wissen tr\u00e4gt dazu bei, einen effizienten und pr\u00e4zisen Service zu gew\u00e4hrleisten, der sich durch einen guten Kundenservice und Flexibilit\u00e4t bei der Anpassung an Ihre Bed\u00fcrfnisse auszeichnet.<\/p>\n<p>Das gr\u00f6\u00dfte Kapital der LOGISTICS SOLUTIONS GmbH, das die Grundlage unseres Erfolges und der Anerkennung unserer Kunden ist, sind unsere Mitarbeiter, die ihre Arbeit mit Hingabe und Pflichtbewusstsein verrichten und f\u00fcr Sie die besten L\u00f6sungen im Bereich des G\u00fctertransports und der Logistik finden. Unser Ziel ist Qualit\u00e4t &#8211; Qualit\u00e4t in allen Bereichen der Dienstleistung und in allen Phasen der Lieferung, von der Information an bis zum Erhalt der Ware!<\/p>\n","protected":false},"excerpt":{"rendered":"<p>Das Transportunternehmen LOGISTIKAS RISIN\u0100JUMI Ltd. begann seine T\u00e4tigkeit auf dem internationalen G\u00fcterverkehrsmarkt im Jahr 2006. Wir bieten qualitativ hochwertige G\u00fctertransporte und professionelle Logistikdienstleistungen an, wobei wir eine breite Palette von Land-, Luft- und Seetransportdienstleistungen anbieten. Der Schl\u00fcssel zum Erfolg unserer Dienstleistungsqualit\u00e4t liegt in der Unterst\u00fctzung durch ein Netz professioneller internationaler Partner sowie in unserer Erfahrung&#8230;<\/p>\n","protected":false},"author":1,"featured_media":3077,"parent":0,"menu_order":0,"comment_status":"closed","ping_status":"closed","template":"about-us.php","meta":{"_acf_changed":false,"footnotes":""},"class_list":["post-4039","page","type-page","status-publish","has-post-thumbnail","hentry"],"acf":[],"_links":{"self":[{"href":"https:\/\/logris.lv\/de\/wp-json\/wp\/v2\/pages\/4039","targetHints":{"allow":["GET"]}}],"collection":[{"href":"https:\/\/logris.lv\/de\/wp-json\/wp\/v2\/pages"}],"about":[{"href":"https:\/\/logris.lv\/de\/wp-json\/wp\/v2\/types\/page"}],"author":[{"embeddable":true,"href":"https:\/\/logris.lv\/de\/wp-json\/wp\/v2\/users\/1"}],"replies":[{"embeddable":true,"href":"https:\/\/logris.lv\/de\/wp-json\/wp\/v2\/comments?post=4039"}],"version-history":[{"count":2,"href":"https:\/\/logris.lv\/de\/wp-json\/wp\/v2\/pages\/4039\/revisions"}],"predecessor-version":[{"id":4041,"href":"https:\/\/logris.lv\/de\/wp-json\/wp\/v2\/pages\/4039\/revisions\/4041"}],"wp:featuredmedia":[{"embeddable":true,"href":"https:\/\/logris.lv\/de\/wp-json\/wp\/v2\/media\/3077"}],"wp:attachment":[{"href":"https:\/\/logris.lv\/de\/wp-json\/wp\/v2\/media?parent=4039"}],"curies":[{"name":"wp","href":"https:\/\/api.w.org\/{rel}","templated":true}]}}