{"id":3667,"date":"2023-11-21T15:25:01","date_gmt":"2023-11-21T13:25:01","guid":{"rendered":"https:\/\/logris.lv\/atsauksmes\/"},"modified":"2024-01-19T15:11:31","modified_gmt":"2024-01-19T13:11:31","slug":"referenzen","status":"publish","type":"page","link":"https:\/\/logris.lv\/de\/referenzen\/","title":{"rendered":"Referenzen"},"content":{"rendered":"<style>\nhr {\n  border-color: white;\n}\n<\/style>\n<div class=\"container6\">\n<div class=\"content5\">\n<div class=\"image55\">\n            <img decoding=\"async\" style=\"width: 100%; max-width: 600px;\" src=\"https:\/\/logris.lv\/wp-content\/uploads\/2023\/11\/porcshe.png\" alt=\"cmr\" \/>\n        <\/div>\n<div class=\"text55\">\n            <strong><i>Ivars<\/i><\/strong><br \/>\n                &#8220;Ich habe mein Auto in ein anderes Land mit Ihrem Unternehmen \u00fcberf\u00fchrt. Der Transportprozess verlief schnell, effizient und ohne Probleme, und ich bin wirklich zufrieden mit der Qualit\u00e4t Ihres Service.&#8221;<\/p>\n<hr><\/div>\n<\/p><\/div>\n<\/div>\n<div class=\"container6\">\n<div class=\"content5\">\n<div class=\"text55\">\n            <strong><i>Maksims<\/i><\/strong><br \/>\n                &#8220;Dank der Erfahrung und Kenntnisse des Teams von SIA \u2018Lo\u0123istikas Risin\u0101jumi\u2019 kann ich sagen, dass der Transport meines Mercedes G-Wagens in ein anderes Land reibungslos, qualitativ hochwertig und p\u00fcnktlich verlief.&#8221;<\/p>\n<hr><\/div>\n<div class=\"image55\">\n            <img decoding=\"async\" style=\"width: 100%; max-width: 600px;\" src=\"https:\/\/logris.lv\/wp-content\/uploads\/2023\/11\/geliks.png\" alt=\"cmr\" \/>\n        <\/div>\n<\/p><\/div>\n<\/div>\n<div class=\"container6\">\n<div class=\"content5\">\n<div class=\"image55\">\n            <img decoding=\"async\" style=\"width: 100%; max-width: 600px;\" src=\"https:\/\/logris.lv\/wp-content\/uploads\/2023\/11\/atsaukme-3.png\" alt=\"cmr\" \/>\n        <\/div>\n<div class=\"text55\">\n           <strong><i>Agnese<\/i><\/strong><br \/>\n                &#8220;Ich hatte eine gro\u00dfartige Erfahrung mit dem Transport von Modulh\u00e4usern. Der Serviceanbieter war sehr professionell und k\u00fcmmerte sich darum, dass alle Teile der Modulh\u00e4user sicher zum Ziel transportiert wurden.&#8221;<\/p>\n<hr><\/div>\n<\/p><\/div>\n<\/div>\n<div class=\"container6\">\n<div class=\"content5\">\n<div class=\"text55\">\n            <strong><i>Mihails<\/i><\/strong><br \/>\n                &#8220;Bevor ich mich f\u00fcr ein Unternehmen f\u00fcr den Transport von schweren Fahrzeugen entschieden habe, habe ich gr\u00fcndliche Recherchen durchgef\u00fchrt und Kundenbewertungen gelesen. Ich w\u00e4hlte ein Unternehmen, das alle seine Versprechen einhielt. Das Fahrzeug wurde rechtzeitig und in gutem Zustand geliefert.&#8221;<\/p>\n<hr><\/div>\n<div class=\"image55\">\n            <img decoding=\"async\" style=\"width: 100%; max-width: 600px;\" src=\"https:\/\/logris.lv\/wp-content\/uploads\/2023\/11\/atsaukme-6.png\" alt=\"cmr\" \/>\n        <\/div>\n<\/p><\/div>\n<\/div>\n<div class=\"container6\">\n<div class=\"content5\">\n<div class=\"image55\">\n            <img decoding=\"async\" style=\"width: 100%; max-width: 600px;\" src=\"https:\/\/logris.lv\/wp-content\/uploads\/2023\/11\/atsaukme-5.png\" alt=\"cmr\" \/>\n        <\/div>\n<div class=\"text55\">\n           <strong><i>Mareks<\/i><\/strong><br \/>\n                &#8220;Ich musste dringend einen gro\u00dfen Anh\u00e4nger mit spezieller Ausr\u00fcstung transportieren, und das Unternehmen erwies sich als zuverl\u00e4ssiger Partner. Sie sorgten f\u00fcr sichere Befestigung und Transport, und die Lieferung erfolgte schneller als geplant.&#8221;<\/p>\n<hr><\/div>\n<\/p><\/div>\n<\/div>\n<div class=\"container6\">\n<div class=\"content5\">\n<div class=\"text55\">\n            <strong><i>Uldis<\/i><\/strong><br \/>\n               &#8220;Das Unternehmen war sehr verst\u00e4ndnisvoll, als ich dringend Hilfe beim Transport von Traktorteilen ben\u00f6tigte. Die Mitarbeiter waren schnell und effizient und sorgten daf\u00fcr, dass die ben\u00f6tigten Teile rechtzeitig bei mir ankamen.&#8221;<\/p>\n<hr><\/div>\n<div class=\"image55\">\n            <img decoding=\"async\" style=\"width: 100%; max-width: 600px;\" src=\"https:\/\/logris.lv\/wp-content\/uploads\/2023\/11\/atsaukme-4.png\" alt=\"cmr\" \/>\n        <\/div>\n<\/p><\/div>\n<\/div>\n","protected":false},"excerpt":{"rendered":"<p>Ivars &#8220;Ich habe mein Auto in ein anderes Land mit Ihrem Unternehmen \u00fcberf\u00fchrt. Der Transportprozess verlief schnell, effizient und ohne Probleme, und ich bin wirklich zufrieden mit der Qualit\u00e4t Ihres Service.&#8221; Maksims &#8220;Dank der Erfahrung und Kenntnisse des Teams von SIA \u2018Lo\u0123istikas Risin\u0101jumi\u2019 kann ich sagen, dass der Transport meines Mercedes G-Wagens in ein anderes&#8230;<\/p>\n","protected":false},"author":9,"featured_media":0,"parent":0,"menu_order":0,"comment_status":"closed","ping_status":"closed","template":"","meta":{"_acf_changed":false,"footnotes":""},"class_list":["post-3667","page","type-page","status-publish","hentry"],"acf":[],"_links":{"self":[{"href":"https:\/\/logris.lv\/de\/wp-json\/wp\/v2\/pages\/3667","targetHints":{"allow":["GET"]}}],"collection":[{"href":"https:\/\/logris.lv\/de\/wp-json\/wp\/v2\/pages"}],"about":[{"href":"https:\/\/logris.lv\/de\/wp-json\/wp\/v2\/types\/page"}],"author":[{"embeddable":true,"href":"https:\/\/logris.lv\/de\/wp-json\/wp\/v2\/users\/9"}],"replies":[{"embeddable":true,"href":"https:\/\/logris.lv\/de\/wp-json\/wp\/v2\/comments?post=3667"}],"version-history":[{"count":4,"href":"https:\/\/logris.lv\/de\/wp-json\/wp\/v2\/pages\/3667\/revisions"}],"predecessor-version":[{"id":3915,"href":"https:\/\/logris.lv\/de\/wp-json\/wp\/v2\/pages\/3667\/revisions\/3915"}],"wp:attachment":[{"href":"https:\/\/logris.lv\/de\/wp-json\/wp\/v2\/media?parent=3667"}],"curies":[{"name":"wp","href":"https:\/\/api.w.org\/{rel}","templated":true}]}}