{"id":3645,"date":"2022-01-12T09:52:43","date_gmt":"2022-01-12T07:52:43","guid":{"rendered":"https:\/\/logris.lv\/logistikas-pakalpojumi\/"},"modified":"2024-01-19T15:03:41","modified_gmt":"2024-01-19T13:03:41","slug":"logistische-dienstleistungen","status":"publish","type":"page","link":"https:\/\/logris.lv\/de\/logistische-dienstleistungen\/","title":{"rendered":"Logistische Dienstleistungen"},"content":{"rendered":"<p>Logistik- und Transportdienstleistungen sind das, was wir seit mehr als 16 Jahren tun. Wir erbringen professionelle Logistikdienstleistungen und bieten eine breite Palette von Land-, Luft- und Seetransportdiensten. Zu unseren Dienstleistungen geh\u00f6ren auch Frachtversicherung, Zollabwicklung und Lagerhaltung.<\/p>\n    <div class=\"about-us-card-list d-flex flex-wrap justify-content-center text-center\">\n                    <div class=\"about-us-card\">\n                <a href=\"https:\/\/logris.lv\/de\/logistika\/frachtversicherung\/\" class=\"d-block\">\n                                            <div class=\"about-us-card-image m-auto-horizontal\">\n                            <img decoding=\"async\" src=\"https:\/\/logris.lv\/wp-content\/uploads\/2022\/01\/shield-blue-2.svg\" alt=\"Frachtversicherung\" class=\"object-contain w-100 h-100 transition-default\">\n                        <\/div>\n                                        <h3 class=\"about-us-card-title poppins-medium\">Frachtversicherung<\/h3>\n                <\/a>\n            <\/div>\n                    <div class=\"about-us-card\">\n                <a href=\"https:\/\/logris.lv\/de\/logistika\/dienstleistungen-im-bereich-lagerhaltung\/\" class=\"d-block\">\n                                            <div class=\"about-us-card-image m-auto-horizontal\">\n                            <img decoding=\"async\" src=\"https:\/\/logris.lv\/wp-content\/uploads\/2022\/01\/storage-blue.svg\" alt=\"Dienstleistungen im Bereich Lagerhaltung\" class=\"object-contain w-100 h-100 transition-default\">\n                        <\/div>\n                                        <h3 class=\"about-us-card-title poppins-medium\">Dienstleistungen im Bereich Lagerhaltung<\/h3>\n                <\/a>\n            <\/div>\n            <\/div>\n\n<p>Wir verf\u00fcgen \u00fcber langj\u00e4hrige Erfahrung in der gesamten Palette der Logistikdienstleistungen und wissen, was f\u00fcr unsere Kunden in jeder Phase wichtig ist. Indem wir dieses Wissen flexibel in unsere Arbeit einflie\u00dfen lassen, sind wir in der Lage, effiziente und kundenfreundliche Logistikdienstleistungen von h\u00f6chster Qualit\u00e4t zu erbringen!<\/p>\n","protected":false},"excerpt":{"rendered":"<p>Logistik- und Transportdienstleistungen sind das, was wir seit mehr als 16 Jahren tun. Wir erbringen professionelle Logistikdienstleistungen und bieten eine breite Palette von Land-, Luft- und Seetransportdiensten. Zu unseren Dienstleistungen geh\u00f6ren auch Frachtversicherung, Zollabwicklung und Lagerhaltung. Wir verf\u00fcgen \u00fcber langj\u00e4hrige Erfahrung in der gesamten Palette der Logistikdienstleistungen und wissen, was f\u00fcr unsere Kunden in jeder&#8230;<\/p>\n","protected":false},"author":1,"featured_media":3339,"parent":0,"menu_order":0,"comment_status":"closed","ping_status":"closed","template":"services.php","meta":{"_acf_changed":false,"footnotes":""},"class_list":["post-3645","page","type-page","status-publish","has-post-thumbnail","hentry"],"acf":[],"_links":{"self":[{"href":"https:\/\/logris.lv\/de\/wp-json\/wp\/v2\/pages\/3645","targetHints":{"allow":["GET"]}}],"collection":[{"href":"https:\/\/logris.lv\/de\/wp-json\/wp\/v2\/pages"}],"about":[{"href":"https:\/\/logris.lv\/de\/wp-json\/wp\/v2\/types\/page"}],"author":[{"embeddable":true,"href":"https:\/\/logris.lv\/de\/wp-json\/wp\/v2\/users\/1"}],"replies":[{"embeddable":true,"href":"https:\/\/logris.lv\/de\/wp-json\/wp\/v2\/comments?post=3645"}],"version-history":[{"count":4,"href":"https:\/\/logris.lv\/de\/wp-json\/wp\/v2\/pages\/3645\/revisions"}],"predecessor-version":[{"id":3911,"href":"https:\/\/logris.lv\/de\/wp-json\/wp\/v2\/pages\/3645\/revisions\/3911"}],"wp:featuredmedia":[{"embeddable":true,"href":"https:\/\/logris.lv\/de\/wp-json\/wp\/v2\/media\/3339"}],"wp:attachment":[{"href":"https:\/\/logris.lv\/de\/wp-json\/wp\/v2\/media?parent=3645"}],"curies":[{"name":"wp","href":"https:\/\/api.w.org\/{rel}","templated":true}]}}